{"id":7071,"date":"2026-04-24T06:37:44","date_gmt":"2026-04-24T06:37:44","guid":{"rendered":"https:\/\/meero.ee\/m\/?post_type=product&#038;p=7071"},"modified":"2026-04-24T06:37:44","modified_gmt":"2026-04-24T06:37:44","slug":"ahoi-me-joonistame-laulu-laulikcd","status":"publish","type":"product","link":"https:\/\/meero.ee\/m\/toode\/ahoi-me-joonistame-laulu-laulikcd\/","title":{"rendered":"&#8220;Ahoi, me joonistame laulu!&#8221; laulik+CD"},"content":{"rendered":"<p class=\"p1\"><b>Laulujoonistamise meetod toetamas l\u00f5imitud \u00f5ppimist ja suhtlemist<\/b>\r\nLAULUJOONISTAMINE on multisensoorne tegutsemisviis, kus joonistused s\u00fcnnivad lauldes ja laulu toel otsekui v\u00f5luv\u00e4el. Meetod toetab eri vanuses ja erinevate oskustega laste \u00f5ppimist ning pakub osalemiskogemust ja eduelamusi. Lisaks laulmisele ja joonistamisele kutsub see keskenduma, suhtlema ja vestlema ning koos tegutsema. Laulujoonistamine on sobiv t\u00f6\u00f6riist ka eri\u00f5ppes ja rehabilitatsioonis.\r\nLaulujoonistamise meetodi on v\u00e4lja arendanud soome lastemuusika looja ja pedagoogiline arendaja Minna Lappalainen. Soomes on meetod palju kasutatud t\u00f6\u00f6vahend nii alushariduses, eripedagoogikas kui ka rehabilitatsioonis.<\/p>\r\n<p class=\"p1\">Saatmiskulu hinnas.<\/p>","protected":false},"excerpt":{"rendered":"Laulujoonistamise meetod toetamas l\u00f5imitud \u00f5ppimist ja suhtlemist LAULUJOONISTAMINE on multisensoorne tegutsemisviis, kus joonistused s\u00fcnnivad lauldes ja laulu toel otsekui v\u00f5luv\u00e4el. Meetod toetab eri vanuses ja erinevate oskustega laste \u00f5ppimist ning pakub osalemiskogemust ja eduelamusi. Lisaks laulmisele ja joonistamisele kutsub see keskenduma, suhtlema ja vestlema ning koos tegutsema. Laulujoonistamine on sobiv t\u00f6\u00f6riist ka eri\u00f5ppes ja rehabilitatsioonis. [&hellip;]","protected":false},"featured_media":1435,"template":"","meta":[],"product_cat":[62],"product_tag":[61],"class_list":["post-7071","product","type-product","status-publish","has-post-thumbnail","hentry","product_cat-e-shop-2","product_tag-shop"],"acf":[],"yoast_head":"<!-- This site is optimized with the Yoast SEO plugin v17.8 - https:\/\/yoast.com\/wordpress\/plugins\/seo\/ -->\n<title>&quot;Ahoi, me joonistame laulu!&quot; laulik+CD - meero<\/title>\n<meta name=\"robots\" content=\"index, follow, max-snippet:-1, max-image-preview:large, max-video-preview:-1\" \/>\n<link rel=\"canonical\" href=\"https:\/\/meero.ee\/m\/toode\/ahoi-me-joonistame-laulu-laulikcd\/\" \/>\n<meta property=\"og:locale\" content=\"et_EE\" \/>\n<meta property=\"og:type\" content=\"article\" \/>\n<meta property=\"og:title\" content=\"&quot;Ahoi, me joonistame laulu!&quot; laulik+CD - meero\" \/>\n<meta property=\"og:description\" content=\"Laulujoonistamise meetod toetamas l\u00f5imitud \u00f5ppimist ja suhtlemist LAULUJOONISTAMINE on multisensoorne tegutsemisviis, kus joonistused s\u00fcnnivad lauldes ja laulu toel otsekui v\u00f5luv\u00e4el. Meetod toetab eri vanuses ja erinevate oskustega laste \u00f5ppimist ning pakub osalemiskogemust ja eduelamusi. Lisaks laulmisele ja joonistamisele kutsub see keskenduma, suhtlema ja vestlema ning koos tegutsema. Laulujoonistamine on sobiv t\u00f6\u00f6riist ka eri\u00f5ppes ja rehabilitatsioonis. [&hellip;]\" \/>\n<meta property=\"og:url\" content=\"https:\/\/meero.ee\/m\/toode\/ahoi-me-joonistame-laulu-laulikcd\/\" \/>\n<meta property=\"og:site_name\" content=\"meero\" \/>\n<meta property=\"og:image\" content=\"https:\/\/meero.ee\/m\/wp-content\/uploads\/2021\/09\/Ahoi-me-joonistame-laulu-low.jpg\" \/>\n\t<meta property=\"og:image:width\" content=\"800\" \/>\n\t<meta property=\"og:image:height\" content=\"600\" \/>\n<meta name=\"twitter:card\" content=\"summary_large_image\" \/>\n<script type=\"application\/ld+json\" class=\"yoast-schema-graph\">{\"@context\":\"https:\/\/schema.org\",\"@graph\":[{\"@type\":\"WebSite\",\"@id\":\"https:\/\/meero.ee\/m\/#website\",\"url\":\"https:\/\/meero.ee\/m\/\",\"name\":\"meero\",\"description\":\"Meero Muusik\",\"potentialAction\":[{\"@type\":\"SearchAction\",\"target\":{\"@type\":\"EntryPoint\",\"urlTemplate\":\"https:\/\/meero.ee\/m\/?s={search_term_string}\"},\"query-input\":\"required name=search_term_string\"}],\"inLanguage\":\"et\"},{\"@type\":\"ImageObject\",\"@id\":\"https:\/\/meero.ee\/m\/toode\/ahoi-me-joonistame-laulu-laulikcd\/#primaryimage\",\"inLanguage\":\"et\",\"url\":\"https:\/\/meero.ee\/m\/wp-content\/uploads\/2021\/09\/Ahoi-me-joonistame-laulu-low.jpg\",\"contentUrl\":\"https:\/\/meero.ee\/m\/wp-content\/uploads\/2021\/09\/Ahoi-me-joonistame-laulu-low.jpg\",\"width\":800,\"height\":600},{\"@type\":\"WebPage\",\"@id\":\"https:\/\/meero.ee\/m\/toode\/ahoi-me-joonistame-laulu-laulikcd\/#webpage\",\"url\":\"https:\/\/meero.ee\/m\/toode\/ahoi-me-joonistame-laulu-laulikcd\/\",\"name\":\"\\\"Ahoi, me joonistame laulu!\\\" laulik+CD - meero\",\"isPartOf\":{\"@id\":\"https:\/\/meero.ee\/m\/#website\"},\"primaryImageOfPage\":{\"@id\":\"https:\/\/meero.ee\/m\/toode\/ahoi-me-joonistame-laulu-laulikcd\/#primaryimage\"},\"datePublished\":\"2026-04-24T06:37:44+00:00\",\"dateModified\":\"2026-04-24T06:37:44+00:00\",\"breadcrumb\":{\"@id\":\"https:\/\/meero.ee\/m\/toode\/ahoi-me-joonistame-laulu-laulikcd\/#breadcrumb\"},\"inLanguage\":\"et\",\"potentialAction\":[{\"@type\":\"ReadAction\",\"target\":[\"https:\/\/meero.ee\/m\/toode\/ahoi-me-joonistame-laulu-laulikcd\/\"]}]},{\"@type\":\"BreadcrumbList\",\"@id\":\"https:\/\/meero.ee\/m\/toode\/ahoi-me-joonistame-laulu-laulikcd\/#breadcrumb\",\"itemListElement\":[{\"@type\":\"ListItem\",\"position\":1,\"name\":\"Home\",\"item\":\"https:\/\/meero.ee\/m\/\"},{\"@type\":\"ListItem\",\"position\":2,\"name\":\"Products\",\"item\":\"https:\/\/meero.ee\/m\/shop\/\"},{\"@type\":\"ListItem\",\"position\":3,\"name\":\"&#8220;Ahoi, me joonistame laulu!&#8221; laulik+CD\"}]}]}<\/script>\n<!-- \/ Yoast SEO plugin. -->","yoast_head_json":{"title":"\"Ahoi, me joonistame laulu!\" laulik+CD - meero","robots":{"index":"index","follow":"follow","max-snippet":"max-snippet:-1","max-image-preview":"max-image-preview:large","max-video-preview":"max-video-preview:-1"},"canonical":"https:\/\/meero.ee\/m\/toode\/ahoi-me-joonistame-laulu-laulikcd\/","og_locale":"et_EE","og_type":"article","og_title":"\"Ahoi, me joonistame laulu!\" laulik+CD - meero","og_description":"Laulujoonistamise meetod toetamas l\u00f5imitud \u00f5ppimist ja suhtlemist LAULUJOONISTAMINE on multisensoorne tegutsemisviis, kus joonistused s\u00fcnnivad lauldes ja laulu toel otsekui v\u00f5luv\u00e4el. Meetod toetab eri vanuses ja erinevate oskustega laste \u00f5ppimist ning pakub osalemiskogemust ja eduelamusi. Lisaks laulmisele ja joonistamisele kutsub see keskenduma, suhtlema ja vestlema ning koos tegutsema. Laulujoonistamine on sobiv t\u00f6\u00f6riist ka eri\u00f5ppes ja rehabilitatsioonis. [&hellip;]","og_url":"https:\/\/meero.ee\/m\/toode\/ahoi-me-joonistame-laulu-laulikcd\/","og_site_name":"meero","og_image":[{"width":800,"height":600,"url":"https:\/\/meero.ee\/m\/wp-content\/uploads\/2021\/09\/Ahoi-me-joonistame-laulu-low.jpg","type":"image\/jpeg"}],"twitter_card":"summary_large_image","schema":{"@context":"https:\/\/schema.org","@graph":[{"@type":"WebSite","@id":"https:\/\/meero.ee\/m\/#website","url":"https:\/\/meero.ee\/m\/","name":"meero","description":"Meero Muusik","potentialAction":[{"@type":"SearchAction","target":{"@type":"EntryPoint","urlTemplate":"https:\/\/meero.ee\/m\/?s={search_term_string}"},"query-input":"required name=search_term_string"}],"inLanguage":"et"},{"@type":"ImageObject","@id":"https:\/\/meero.ee\/m\/toode\/ahoi-me-joonistame-laulu-laulikcd\/#primaryimage","inLanguage":"et","url":"https:\/\/meero.ee\/m\/wp-content\/uploads\/2021\/09\/Ahoi-me-joonistame-laulu-low.jpg","contentUrl":"https:\/\/meero.ee\/m\/wp-content\/uploads\/2021\/09\/Ahoi-me-joonistame-laulu-low.jpg","width":800,"height":600},{"@type":"WebPage","@id":"https:\/\/meero.ee\/m\/toode\/ahoi-me-joonistame-laulu-laulikcd\/#webpage","url":"https:\/\/meero.ee\/m\/toode\/ahoi-me-joonistame-laulu-laulikcd\/","name":"\"Ahoi, me joonistame laulu!\" laulik+CD - meero","isPartOf":{"@id":"https:\/\/meero.ee\/m\/#website"},"primaryImageOfPage":{"@id":"https:\/\/meero.ee\/m\/toode\/ahoi-me-joonistame-laulu-laulikcd\/#primaryimage"},"datePublished":"2026-04-24T06:37:44+00:00","dateModified":"2026-04-24T06:37:44+00:00","breadcrumb":{"@id":"https:\/\/meero.ee\/m\/toode\/ahoi-me-joonistame-laulu-laulikcd\/#breadcrumb"},"inLanguage":"et","potentialAction":[{"@type":"ReadAction","target":["https:\/\/meero.ee\/m\/toode\/ahoi-me-joonistame-laulu-laulikcd\/"]}]},{"@type":"BreadcrumbList","@id":"https:\/\/meero.ee\/m\/toode\/ahoi-me-joonistame-laulu-laulikcd\/#breadcrumb","itemListElement":[{"@type":"ListItem","position":1,"name":"Home","item":"https:\/\/meero.ee\/m\/"},{"@type":"ListItem","position":2,"name":"Products","item":"https:\/\/meero.ee\/m\/shop\/"},{"@type":"ListItem","position":3,"name":"&#8220;Ahoi, me joonistame laulu!&#8221; laulik+CD"}]}]}},"_links":{"self":[{"href":"https:\/\/meero.ee\/m\/wp-json\/wp\/v2\/product\/7071","targetHints":{"allow":["GET"]}}],"collection":[{"href":"https:\/\/meero.ee\/m\/wp-json\/wp\/v2\/product"}],"about":[{"href":"https:\/\/meero.ee\/m\/wp-json\/wp\/v2\/types\/product"}],"wp:featuredmedia":[{"embeddable":true,"href":"https:\/\/meero.ee\/m\/wp-json\/wp\/v2\/media\/1435"}],"wp:attachment":[{"href":"https:\/\/meero.ee\/m\/wp-json\/wp\/v2\/media?parent=7071"}],"wp:term":[{"taxonomy":"product_cat","embeddable":true,"href":"https:\/\/meero.ee\/m\/wp-json\/wp\/v2\/product_cat?post=7071"},{"taxonomy":"product_tag","embeddable":true,"href":"https:\/\/meero.ee\/m\/wp-json\/wp\/v2\/product_tag?post=7071"}],"curies":[{"name":"wp","href":"https:\/\/api.w.org\/{rel}","templated":true}]}}