{"id":1969,"date":"2022-05-05T19:05:32","date_gmt":"2022-05-05T19:05:32","guid":{"rendered":"https:\/\/meero.ee\/m\/?post_type=product&#038;p=1969"},"modified":"2022-06-01T09:32:01","modified_gmt":"2022-06-01T09:32:01","slug":"toetajapilet-paikesepai-muusikale","status":"publish","type":"product","link":"https:\/\/meero.ee\/m\/toode\/toetajapilet-paikesepai-muusikale\/","title":{"rendered":"TOETAJAPILET, P\u00e4ikesepai muusikale"},"content":{"rendered":"Pilli\u00f5pilaste kevadkontsert &#8220;P\u00e4ikesepai Muusikale&#8221; Mustpeade Majas, Pikk t\u00e4nav 26, algusega kell 17.\r\n\r\nToetajapilet: 15\u20ac\r\n\r\nSissep\u00e4\u00e4s ostja nime alusel.","protected":false},"excerpt":{"rendered":"Pilli\u00f5pilaste kevadkontsert &#8220;P\u00e4ikesepai Muusikale&#8221; Mustpeade Majas, Pikk t\u00e4nav 26, algusega kell 17. Toetajapilet: 15\u20ac Sissep\u00e4\u00e4s ostja nime alusel.","protected":false},"featured_media":0,"template":"","meta":[],"product_cat":[62],"product_tag":[61],"class_list":["post-1969","product","type-product","status-publish","hentry","product_cat-e-shop-2","product_tag-shop"],"acf":[],"yoast_head":"<!-- This site is optimized with the Yoast SEO plugin v17.8 - https:\/\/yoast.com\/wordpress\/plugins\/seo\/ -->\n<title>TOETAJAPILET, P\u00e4ikesepai muusikale - meero<\/title>\n<meta name=\"robots\" content=\"index, follow, max-snippet:-1, max-image-preview:large, max-video-preview:-1\" \/>\n<link rel=\"canonical\" href=\"https:\/\/meero.ee\/m\/toode\/toetajapilet-paikesepai-muusikale\/\" \/>\n<meta property=\"og:locale\" content=\"et_EE\" \/>\n<meta property=\"og:type\" content=\"article\" \/>\n<meta property=\"og:title\" content=\"TOETAJAPILET, P\u00e4ikesepai muusikale - meero\" \/>\n<meta property=\"og:description\" content=\"Pilli\u00f5pilaste kevadkontsert &#8220;P\u00e4ikesepai Muusikale&#8221; Mustpeade Majas, Pikk t\u00e4nav 26, algusega kell 17. Toetajapilet: 15\u20ac Sissep\u00e4\u00e4s ostja nime alusel.\" \/>\n<meta property=\"og:url\" content=\"https:\/\/meero.ee\/m\/toode\/toetajapilet-paikesepai-muusikale\/\" \/>\n<meta property=\"og:site_name\" content=\"meero\" \/>\n<meta property=\"article:modified_time\" content=\"2022-06-01T09:32:01+00:00\" \/>\n<meta name=\"twitter:card\" content=\"summary_large_image\" \/>\n<meta name=\"twitter:label1\" content=\"Est. reading time\" \/>\n\t<meta name=\"twitter:data1\" content=\"1 minut\" \/>\n<script type=\"application\/ld+json\" class=\"yoast-schema-graph\">{\"@context\":\"https:\/\/schema.org\",\"@graph\":[{\"@type\":\"WebSite\",\"@id\":\"https:\/\/meero.ee\/m\/#website\",\"url\":\"https:\/\/meero.ee\/m\/\",\"name\":\"meero\",\"description\":\"Meero Muusik\",\"potentialAction\":[{\"@type\":\"SearchAction\",\"target\":{\"@type\":\"EntryPoint\",\"urlTemplate\":\"https:\/\/meero.ee\/m\/?s={search_term_string}\"},\"query-input\":\"required name=search_term_string\"}],\"inLanguage\":\"et\"},{\"@type\":\"WebPage\",\"@id\":\"https:\/\/meero.ee\/m\/toode\/toetajapilet-paikesepai-muusikale\/#webpage\",\"url\":\"https:\/\/meero.ee\/m\/toode\/toetajapilet-paikesepai-muusikale\/\",\"name\":\"TOETAJAPILET, P\\u00e4ikesepai muusikale - meero\",\"isPartOf\":{\"@id\":\"https:\/\/meero.ee\/m\/#website\"},\"datePublished\":\"2022-05-05T19:05:32+00:00\",\"dateModified\":\"2022-06-01T09:32:01+00:00\",\"breadcrumb\":{\"@id\":\"https:\/\/meero.ee\/m\/toode\/toetajapilet-paikesepai-muusikale\/#breadcrumb\"},\"inLanguage\":\"et\",\"potentialAction\":[{\"@type\":\"ReadAction\",\"target\":[\"https:\/\/meero.ee\/m\/toode\/toetajapilet-paikesepai-muusikale\/\"]}]},{\"@type\":\"BreadcrumbList\",\"@id\":\"https:\/\/meero.ee\/m\/toode\/toetajapilet-paikesepai-muusikale\/#breadcrumb\",\"itemListElement\":[{\"@type\":\"ListItem\",\"position\":1,\"name\":\"Home\",\"item\":\"https:\/\/meero.ee\/m\/\"},{\"@type\":\"ListItem\",\"position\":2,\"name\":\"Products\",\"item\":\"https:\/\/meero.ee\/m\/shop\/\"},{\"@type\":\"ListItem\",\"position\":3,\"name\":\"TOETAJAPILET, P\\u00e4ikesepai muusikale\"}]}]}<\/script>\n<!-- \/ Yoast SEO plugin. -->","yoast_head_json":{"title":"TOETAJAPILET, P\u00e4ikesepai muusikale - meero","robots":{"index":"index","follow":"follow","max-snippet":"max-snippet:-1","max-image-preview":"max-image-preview:large","max-video-preview":"max-video-preview:-1"},"canonical":"https:\/\/meero.ee\/m\/toode\/toetajapilet-paikesepai-muusikale\/","og_locale":"et_EE","og_type":"article","og_title":"TOETAJAPILET, P\u00e4ikesepai muusikale - meero","og_description":"Pilli\u00f5pilaste kevadkontsert &#8220;P\u00e4ikesepai Muusikale&#8221; Mustpeade Majas, Pikk t\u00e4nav 26, algusega kell 17. Toetajapilet: 15\u20ac Sissep\u00e4\u00e4s ostja nime alusel.","og_url":"https:\/\/meero.ee\/m\/toode\/toetajapilet-paikesepai-muusikale\/","og_site_name":"meero","article_modified_time":"2022-06-01T09:32:01+00:00","twitter_card":"summary_large_image","twitter_misc":{"Est. reading time":"1 minut"},"schema":{"@context":"https:\/\/schema.org","@graph":[{"@type":"WebSite","@id":"https:\/\/meero.ee\/m\/#website","url":"https:\/\/meero.ee\/m\/","name":"meero","description":"Meero Muusik","potentialAction":[{"@type":"SearchAction","target":{"@type":"EntryPoint","urlTemplate":"https:\/\/meero.ee\/m\/?s={search_term_string}"},"query-input":"required name=search_term_string"}],"inLanguage":"et"},{"@type":"WebPage","@id":"https:\/\/meero.ee\/m\/toode\/toetajapilet-paikesepai-muusikale\/#webpage","url":"https:\/\/meero.ee\/m\/toode\/toetajapilet-paikesepai-muusikale\/","name":"TOETAJAPILET, P\u00e4ikesepai muusikale - meero","isPartOf":{"@id":"https:\/\/meero.ee\/m\/#website"},"datePublished":"2022-05-05T19:05:32+00:00","dateModified":"2022-06-01T09:32:01+00:00","breadcrumb":{"@id":"https:\/\/meero.ee\/m\/toode\/toetajapilet-paikesepai-muusikale\/#breadcrumb"},"inLanguage":"et","potentialAction":[{"@type":"ReadAction","target":["https:\/\/meero.ee\/m\/toode\/toetajapilet-paikesepai-muusikale\/"]}]},{"@type":"BreadcrumbList","@id":"https:\/\/meero.ee\/m\/toode\/toetajapilet-paikesepai-muusikale\/#breadcrumb","itemListElement":[{"@type":"ListItem","position":1,"name":"Home","item":"https:\/\/meero.ee\/m\/"},{"@type":"ListItem","position":2,"name":"Products","item":"https:\/\/meero.ee\/m\/shop\/"},{"@type":"ListItem","position":3,"name":"TOETAJAPILET, P\u00e4ikesepai muusikale"}]}]}},"_links":{"self":[{"href":"https:\/\/meero.ee\/m\/wp-json\/wp\/v2\/product\/1969","targetHints":{"allow":["GET"]}}],"collection":[{"href":"https:\/\/meero.ee\/m\/wp-json\/wp\/v2\/product"}],"about":[{"href":"https:\/\/meero.ee\/m\/wp-json\/wp\/v2\/types\/product"}],"wp:attachment":[{"href":"https:\/\/meero.ee\/m\/wp-json\/wp\/v2\/media?parent=1969"}],"wp:term":[{"taxonomy":"product_cat","embeddable":true,"href":"https:\/\/meero.ee\/m\/wp-json\/wp\/v2\/product_cat?post=1969"},{"taxonomy":"product_tag","embeddable":true,"href":"https:\/\/meero.ee\/m\/wp-json\/wp\/v2\/product_tag?post=1969"}],"curies":[{"name":"wp","href":"https:\/\/api.w.org\/{rel}","templated":true}]}}