{"id":1687,"date":"2021-11-25T17:04:16","date_gmt":"2021-11-25T17:04:16","guid":{"rendered":"https:\/\/meero.ee\/m\/?post_type=product&#038;p=1687"},"modified":"2023-08-16T06:51:50","modified_gmt":"2023-08-16T06:51:50","slug":"musta-tuntuu-laulau","status":"publish","type":"product","link":"https:\/\/meero.ee\/m\/toode\/musta-tuntuu-laulau\/","title":{"rendered":"&#8220;Musta tuntuu&#8221;, LauLau"},"content":{"rendered":"Musta tuntuu, ett\u00e4 musa tuntuu! Mulle tundub, et muusikat saab tunda!\r\n\r\nSoomekeelne \u00a0juhendmaterjal ja raamat + CD\r\n\r\nSaatmiskulu postipaki automaati hinnas.","protected":false},"excerpt":{"rendered":"Muusikat saab tunnetatada s\u00fcdamega ja muusika vahendab tundeid. Muusika loob struktuuri tegevusele, vajadusel rahustab ja lohutab, r\u00f5\u00f5mustab ning annab energiat. Muusika m\u00f5jub \u00fchtse keelena ka siis, kui \u00fchist keelt ei ole erinevatel p\u00f5hjustel. Muusika ja heli annavad tiivad kohtumisele ja vatastikusele m\u00f5jule, m\u00e4ngule, tundev\u00e4ljendusele ja oma tunnetetega toimetulemiseks. Iga\u00fchel on \u00f5igus kogeda muusikat omal moel- ei ole \u00f5iget ega valet, on hetked muusikas.\r\n\r\nSeda muusikat kasutatakse palju liikumistundides, kunstitundides,\u00a0 keele\u00f5ppes &#8211; <strong>muusika on paljude ideede laegas<\/strong>.\r\n\r\n&nbsp;","protected":false},"featured_media":3653,"template":"","meta":[],"product_cat":[62],"product_tag":[61],"class_list":["post-1687","product","type-product","status-publish","has-post-thumbnail","hentry","product_cat-e-shop-2","product_tag-shop"],"acf":[],"yoast_head":"<!-- This site is optimized with the Yoast SEO plugin v17.8 - https:\/\/yoast.com\/wordpress\/plugins\/seo\/ -->\n<title>&quot;Musta tuntuu&quot;, LauLau - meero<\/title>\n<meta name=\"robots\" content=\"index, follow, max-snippet:-1, max-image-preview:large, max-video-preview:-1\" \/>\n<link rel=\"canonical\" href=\"https:\/\/meero.ee\/m\/toode\/musta-tuntuu-laulau\/\" \/>\n<meta property=\"og:locale\" content=\"et_EE\" \/>\n<meta property=\"og:type\" content=\"article\" \/>\n<meta property=\"og:title\" content=\"&quot;Musta tuntuu&quot;, LauLau - meero\" \/>\n<meta property=\"og:description\" content=\"Muusikat saab tunnetatada s\u00fcdamega ja muusika vahendab tundeid. Muusika loob struktuuri tegevusele, vajadusel rahustab ja lohutab, r\u00f5\u00f5mustab ning annab energiat. Muusika m\u00f5jub \u00fchtse keelena ka siis, kui \u00fchist keelt ei ole erinevatel p\u00f5hjustel. Muusika ja heli annavad tiivad kohtumisele ja vatastikusele m\u00f5jule, m\u00e4ngule, tundev\u00e4ljendusele ja oma tunnetetega toimetulemiseks. Iga\u00fchel on \u00f5igus kogeda muusikat omal moel- ei ole \u00f5iget ega valet, on hetked muusikas.  Seda muusikat kasutatakse palju liikumistundides, kunstitundides,\u00a0 keele\u00f5ppes - muusika on paljude ideede laegas.  &nbsp;\" \/>\n<meta property=\"og:url\" content=\"https:\/\/meero.ee\/m\/toode\/musta-tuntuu-laulau\/\" \/>\n<meta property=\"og:site_name\" content=\"meero\" \/>\n<meta property=\"article:modified_time\" content=\"2023-08-16T06:51:50+00:00\" \/>\n<meta property=\"og:image\" content=\"https:\/\/meero.ee\/m\/wp-content\/uploads\/2021\/11\/Musa-tuntuu-kirja-cd-web.jpg\" \/>\n\t<meta property=\"og:image:width\" content=\"800\" \/>\n\t<meta property=\"og:image:height\" content=\"483\" \/>\n<meta name=\"twitter:card\" content=\"summary_large_image\" \/>\n<meta name=\"twitter:label1\" content=\"Est. reading time\" \/>\n\t<meta name=\"twitter:data1\" content=\"1 minut\" \/>\n<script type=\"application\/ld+json\" class=\"yoast-schema-graph\">{\"@context\":\"https:\/\/schema.org\",\"@graph\":[{\"@type\":\"WebSite\",\"@id\":\"https:\/\/meero.ee\/m\/#website\",\"url\":\"https:\/\/meero.ee\/m\/\",\"name\":\"meero\",\"description\":\"Meero Muusik\",\"potentialAction\":[{\"@type\":\"SearchAction\",\"target\":{\"@type\":\"EntryPoint\",\"urlTemplate\":\"https:\/\/meero.ee\/m\/?s={search_term_string}\"},\"query-input\":\"required name=search_term_string\"}],\"inLanguage\":\"et\"},{\"@type\":\"ImageObject\",\"@id\":\"https:\/\/meero.ee\/m\/toode\/musta-tuntuu-laulau\/#primaryimage\",\"inLanguage\":\"et\",\"url\":\"https:\/\/meero.ee\/m\/wp-content\/uploads\/2021\/11\/Musa-tuntuu-kirja-cd-web.jpg\",\"contentUrl\":\"https:\/\/meero.ee\/m\/wp-content\/uploads\/2021\/11\/Musa-tuntuu-kirja-cd-web.jpg\",\"width\":800,\"height\":483},{\"@type\":\"WebPage\",\"@id\":\"https:\/\/meero.ee\/m\/toode\/musta-tuntuu-laulau\/#webpage\",\"url\":\"https:\/\/meero.ee\/m\/toode\/musta-tuntuu-laulau\/\",\"name\":\"\\\"Musta tuntuu\\\", LauLau - meero\",\"isPartOf\":{\"@id\":\"https:\/\/meero.ee\/m\/#website\"},\"primaryImageOfPage\":{\"@id\":\"https:\/\/meero.ee\/m\/toode\/musta-tuntuu-laulau\/#primaryimage\"},\"datePublished\":\"2021-11-25T17:04:16+00:00\",\"dateModified\":\"2023-08-16T06:51:50+00:00\",\"breadcrumb\":{\"@id\":\"https:\/\/meero.ee\/m\/toode\/musta-tuntuu-laulau\/#breadcrumb\"},\"inLanguage\":\"et\",\"potentialAction\":[{\"@type\":\"ReadAction\",\"target\":[\"https:\/\/meero.ee\/m\/toode\/musta-tuntuu-laulau\/\"]}]},{\"@type\":\"BreadcrumbList\",\"@id\":\"https:\/\/meero.ee\/m\/toode\/musta-tuntuu-laulau\/#breadcrumb\",\"itemListElement\":[{\"@type\":\"ListItem\",\"position\":1,\"name\":\"Home\",\"item\":\"https:\/\/meero.ee\/m\/\"},{\"@type\":\"ListItem\",\"position\":2,\"name\":\"Products\",\"item\":\"https:\/\/meero.ee\/m\/shop\/\"},{\"@type\":\"ListItem\",\"position\":3,\"name\":\"&#8220;Musta tuntuu&#8221;, LauLau\"}]}]}<\/script>\n<!-- \/ Yoast SEO plugin. -->","yoast_head_json":{"title":"\"Musta tuntuu\", LauLau - meero","robots":{"index":"index","follow":"follow","max-snippet":"max-snippet:-1","max-image-preview":"max-image-preview:large","max-video-preview":"max-video-preview:-1"},"canonical":"https:\/\/meero.ee\/m\/toode\/musta-tuntuu-laulau\/","og_locale":"et_EE","og_type":"article","og_title":"\"Musta tuntuu\", LauLau - meero","og_description":"Muusikat saab tunnetatada s\u00fcdamega ja muusika vahendab tundeid. Muusika loob struktuuri tegevusele, vajadusel rahustab ja lohutab, r\u00f5\u00f5mustab ning annab energiat. Muusika m\u00f5jub \u00fchtse keelena ka siis, kui \u00fchist keelt ei ole erinevatel p\u00f5hjustel. Muusika ja heli annavad tiivad kohtumisele ja vatastikusele m\u00f5jule, m\u00e4ngule, tundev\u00e4ljendusele ja oma tunnetetega toimetulemiseks. Iga\u00fchel on \u00f5igus kogeda muusikat omal moel- ei ole \u00f5iget ega valet, on hetked muusikas.  Seda muusikat kasutatakse palju liikumistundides, kunstitundides,\u00a0 keele\u00f5ppes - muusika on paljude ideede laegas.  &nbsp;","og_url":"https:\/\/meero.ee\/m\/toode\/musta-tuntuu-laulau\/","og_site_name":"meero","article_modified_time":"2023-08-16T06:51:50+00:00","og_image":[{"width":800,"height":483,"url":"https:\/\/meero.ee\/m\/wp-content\/uploads\/2021\/11\/Musa-tuntuu-kirja-cd-web.jpg","type":"image\/jpeg"}],"twitter_card":"summary_large_image","twitter_misc":{"Est. reading time":"1 minut"},"schema":{"@context":"https:\/\/schema.org","@graph":[{"@type":"WebSite","@id":"https:\/\/meero.ee\/m\/#website","url":"https:\/\/meero.ee\/m\/","name":"meero","description":"Meero Muusik","potentialAction":[{"@type":"SearchAction","target":{"@type":"EntryPoint","urlTemplate":"https:\/\/meero.ee\/m\/?s={search_term_string}"},"query-input":"required name=search_term_string"}],"inLanguage":"et"},{"@type":"ImageObject","@id":"https:\/\/meero.ee\/m\/toode\/musta-tuntuu-laulau\/#primaryimage","inLanguage":"et","url":"https:\/\/meero.ee\/m\/wp-content\/uploads\/2021\/11\/Musa-tuntuu-kirja-cd-web.jpg","contentUrl":"https:\/\/meero.ee\/m\/wp-content\/uploads\/2021\/11\/Musa-tuntuu-kirja-cd-web.jpg","width":800,"height":483},{"@type":"WebPage","@id":"https:\/\/meero.ee\/m\/toode\/musta-tuntuu-laulau\/#webpage","url":"https:\/\/meero.ee\/m\/toode\/musta-tuntuu-laulau\/","name":"\"Musta tuntuu\", LauLau - meero","isPartOf":{"@id":"https:\/\/meero.ee\/m\/#website"},"primaryImageOfPage":{"@id":"https:\/\/meero.ee\/m\/toode\/musta-tuntuu-laulau\/#primaryimage"},"datePublished":"2021-11-25T17:04:16+00:00","dateModified":"2023-08-16T06:51:50+00:00","breadcrumb":{"@id":"https:\/\/meero.ee\/m\/toode\/musta-tuntuu-laulau\/#breadcrumb"},"inLanguage":"et","potentialAction":[{"@type":"ReadAction","target":["https:\/\/meero.ee\/m\/toode\/musta-tuntuu-laulau\/"]}]},{"@type":"BreadcrumbList","@id":"https:\/\/meero.ee\/m\/toode\/musta-tuntuu-laulau\/#breadcrumb","itemListElement":[{"@type":"ListItem","position":1,"name":"Home","item":"https:\/\/meero.ee\/m\/"},{"@type":"ListItem","position":2,"name":"Products","item":"https:\/\/meero.ee\/m\/shop\/"},{"@type":"ListItem","position":3,"name":"&#8220;Musta tuntuu&#8221;, LauLau"}]}]}},"_links":{"self":[{"href":"https:\/\/meero.ee\/m\/wp-json\/wp\/v2\/product\/1687","targetHints":{"allow":["GET"]}}],"collection":[{"href":"https:\/\/meero.ee\/m\/wp-json\/wp\/v2\/product"}],"about":[{"href":"https:\/\/meero.ee\/m\/wp-json\/wp\/v2\/types\/product"}],"wp:featuredmedia":[{"embeddable":true,"href":"https:\/\/meero.ee\/m\/wp-json\/wp\/v2\/media\/3653"}],"wp:attachment":[{"href":"https:\/\/meero.ee\/m\/wp-json\/wp\/v2\/media?parent=1687"}],"wp:term":[{"taxonomy":"product_cat","embeddable":true,"href":"https:\/\/meero.ee\/m\/wp-json\/wp\/v2\/product_cat?post=1687"},{"taxonomy":"product_tag","embeddable":true,"href":"https:\/\/meero.ee\/m\/wp-json\/wp\/v2\/product_tag?post=1687"}],"curies":[{"name":"wp","href":"https:\/\/api.w.org\/{rel}","templated":true}]}}