{"id":1674,"date":"2021-11-24T11:49:47","date_gmt":"2021-11-24T11:49:47","guid":{"rendered":"https:\/\/meero.ee\/m\/?post_type=product&#038;p=1674"},"modified":"2023-05-22T09:35:33","modified_gmt":"2023-05-22T09:35:33","slug":"palju-onne-sunnipaevaks-lastelaulik-cdga","status":"publish","type":"product","link":"https:\/\/meero.ee\/m\/toode\/palju-onne-sunnipaevaks-lastelaulik-cdga\/","title":{"rendered":"&#8220;Palju \u00f5nne s\u00fcnnip\u00e4evaks&#8221; lastelaulik CD\u00b4ga"},"content":{"rendered":"Vahvad peomeeleolu loovad laulude noodid CD\u00b4ga.\r\nMeero Muusik 2007","protected":false},"excerpt":{"rendered":"Vahvad peomeeleolu loovad laulude noodid CD\u00b4ga. Meero Muusik 2007","protected":false},"featured_media":1675,"template":"","meta":[],"product_cat":[62],"product_tag":[61],"class_list":["post-1674","product","type-product","status-publish","has-post-thumbnail","hentry","product_cat-e-shop-2","product_tag-shop"],"acf":[],"yoast_head":"<!-- This site is optimized with the Yoast SEO plugin v17.8 - https:\/\/yoast.com\/wordpress\/plugins\/seo\/ -->\n<title>&quot;Palju \u00f5nne s\u00fcnnip\u00e4evaks&quot; lastelaulik CD\u00b4ga - meero<\/title>\n<meta name=\"robots\" content=\"index, follow, max-snippet:-1, max-image-preview:large, max-video-preview:-1\" \/>\n<link rel=\"canonical\" href=\"https:\/\/meero.ee\/m\/toode\/palju-onne-sunnipaevaks-lastelaulik-cdga\/\" \/>\n<meta property=\"og:locale\" content=\"et_EE\" \/>\n<meta property=\"og:type\" content=\"article\" \/>\n<meta property=\"og:title\" content=\"&quot;Palju \u00f5nne s\u00fcnnip\u00e4evaks&quot; lastelaulik CD\u00b4ga - meero\" \/>\n<meta property=\"og:description\" content=\"Vahvad peomeeleolu loovad laulude noodid CD\u00b4ga. Meero Muusik 2007\" \/>\n<meta property=\"og:url\" content=\"https:\/\/meero.ee\/m\/toode\/palju-onne-sunnipaevaks-lastelaulik-cdga\/\" \/>\n<meta property=\"og:site_name\" content=\"meero\" \/>\n<meta property=\"article:modified_time\" content=\"2023-05-22T09:35:33+00:00\" \/>\n<meta property=\"og:image\" content=\"https:\/\/meero.ee\/m\/wp-content\/uploads\/2021\/11\/PaljuOnneSunnipaevaksLaulikCDga-scaled.jpg\" \/>\n\t<meta property=\"og:image:width\" content=\"1920\" \/>\n\t<meta property=\"og:image:height\" content=\"2560\" \/>\n<meta name=\"twitter:card\" content=\"summary_large_image\" \/>\n<script type=\"application\/ld+json\" class=\"yoast-schema-graph\">{\"@context\":\"https:\/\/schema.org\",\"@graph\":[{\"@type\":\"WebSite\",\"@id\":\"https:\/\/meero.ee\/m\/#website\",\"url\":\"https:\/\/meero.ee\/m\/\",\"name\":\"meero\",\"description\":\"Meero Muusik\",\"potentialAction\":[{\"@type\":\"SearchAction\",\"target\":{\"@type\":\"EntryPoint\",\"urlTemplate\":\"https:\/\/meero.ee\/m\/?s={search_term_string}\"},\"query-input\":\"required name=search_term_string\"}],\"inLanguage\":\"et\"},{\"@type\":\"ImageObject\",\"@id\":\"https:\/\/meero.ee\/m\/toode\/palju-onne-sunnipaevaks-lastelaulik-cdga\/#primaryimage\",\"inLanguage\":\"et\",\"url\":\"https:\/\/meero.ee\/m\/wp-content\/uploads\/2021\/11\/PaljuOnneSunnipaevaksLaulikCDga-scaled.jpg\",\"contentUrl\":\"https:\/\/meero.ee\/m\/wp-content\/uploads\/2021\/11\/PaljuOnneSunnipaevaksLaulikCDga-scaled.jpg\",\"width\":1920,\"height\":2560},{\"@type\":\"WebPage\",\"@id\":\"https:\/\/meero.ee\/m\/toode\/palju-onne-sunnipaevaks-lastelaulik-cdga\/#webpage\",\"url\":\"https:\/\/meero.ee\/m\/toode\/palju-onne-sunnipaevaks-lastelaulik-cdga\/\",\"name\":\"\\\"Palju \\u00f5nne s\\u00fcnnip\\u00e4evaks\\\" lastelaulik CD\\u00b4ga - meero\",\"isPartOf\":{\"@id\":\"https:\/\/meero.ee\/m\/#website\"},\"primaryImageOfPage\":{\"@id\":\"https:\/\/meero.ee\/m\/toode\/palju-onne-sunnipaevaks-lastelaulik-cdga\/#primaryimage\"},\"datePublished\":\"2021-11-24T11:49:47+00:00\",\"dateModified\":\"2023-05-22T09:35:33+00:00\",\"breadcrumb\":{\"@id\":\"https:\/\/meero.ee\/m\/toode\/palju-onne-sunnipaevaks-lastelaulik-cdga\/#breadcrumb\"},\"inLanguage\":\"et\",\"potentialAction\":[{\"@type\":\"ReadAction\",\"target\":[\"https:\/\/meero.ee\/m\/toode\/palju-onne-sunnipaevaks-lastelaulik-cdga\/\"]}]},{\"@type\":\"BreadcrumbList\",\"@id\":\"https:\/\/meero.ee\/m\/toode\/palju-onne-sunnipaevaks-lastelaulik-cdga\/#breadcrumb\",\"itemListElement\":[{\"@type\":\"ListItem\",\"position\":1,\"name\":\"Home\",\"item\":\"https:\/\/meero.ee\/m\/\"},{\"@type\":\"ListItem\",\"position\":2,\"name\":\"Products\",\"item\":\"https:\/\/meero.ee\/m\/shop\/\"},{\"@type\":\"ListItem\",\"position\":3,\"name\":\"&#8220;Palju \\u00f5nne s\\u00fcnnip\\u00e4evaks&#8221; lastelaulik CD\\u00b4ga\"}]}]}<\/script>\n<!-- \/ Yoast SEO plugin. -->","yoast_head_json":{"title":"\"Palju \u00f5nne s\u00fcnnip\u00e4evaks\" lastelaulik CD\u00b4ga - meero","robots":{"index":"index","follow":"follow","max-snippet":"max-snippet:-1","max-image-preview":"max-image-preview:large","max-video-preview":"max-video-preview:-1"},"canonical":"https:\/\/meero.ee\/m\/toode\/palju-onne-sunnipaevaks-lastelaulik-cdga\/","og_locale":"et_EE","og_type":"article","og_title":"\"Palju \u00f5nne s\u00fcnnip\u00e4evaks\" lastelaulik CD\u00b4ga - meero","og_description":"Vahvad peomeeleolu loovad laulude noodid CD\u00b4ga. Meero Muusik 2007","og_url":"https:\/\/meero.ee\/m\/toode\/palju-onne-sunnipaevaks-lastelaulik-cdga\/","og_site_name":"meero","article_modified_time":"2023-05-22T09:35:33+00:00","og_image":[{"width":1920,"height":2560,"url":"https:\/\/meero.ee\/m\/wp-content\/uploads\/2021\/11\/PaljuOnneSunnipaevaksLaulikCDga-scaled.jpg","type":"image\/jpeg"}],"twitter_card":"summary_large_image","schema":{"@context":"https:\/\/schema.org","@graph":[{"@type":"WebSite","@id":"https:\/\/meero.ee\/m\/#website","url":"https:\/\/meero.ee\/m\/","name":"meero","description":"Meero Muusik","potentialAction":[{"@type":"SearchAction","target":{"@type":"EntryPoint","urlTemplate":"https:\/\/meero.ee\/m\/?s={search_term_string}"},"query-input":"required name=search_term_string"}],"inLanguage":"et"},{"@type":"ImageObject","@id":"https:\/\/meero.ee\/m\/toode\/palju-onne-sunnipaevaks-lastelaulik-cdga\/#primaryimage","inLanguage":"et","url":"https:\/\/meero.ee\/m\/wp-content\/uploads\/2021\/11\/PaljuOnneSunnipaevaksLaulikCDga-scaled.jpg","contentUrl":"https:\/\/meero.ee\/m\/wp-content\/uploads\/2021\/11\/PaljuOnneSunnipaevaksLaulikCDga-scaled.jpg","width":1920,"height":2560},{"@type":"WebPage","@id":"https:\/\/meero.ee\/m\/toode\/palju-onne-sunnipaevaks-lastelaulik-cdga\/#webpage","url":"https:\/\/meero.ee\/m\/toode\/palju-onne-sunnipaevaks-lastelaulik-cdga\/","name":"\"Palju \u00f5nne s\u00fcnnip\u00e4evaks\" lastelaulik CD\u00b4ga - meero","isPartOf":{"@id":"https:\/\/meero.ee\/m\/#website"},"primaryImageOfPage":{"@id":"https:\/\/meero.ee\/m\/toode\/palju-onne-sunnipaevaks-lastelaulik-cdga\/#primaryimage"},"datePublished":"2021-11-24T11:49:47+00:00","dateModified":"2023-05-22T09:35:33+00:00","breadcrumb":{"@id":"https:\/\/meero.ee\/m\/toode\/palju-onne-sunnipaevaks-lastelaulik-cdga\/#breadcrumb"},"inLanguage":"et","potentialAction":[{"@type":"ReadAction","target":["https:\/\/meero.ee\/m\/toode\/palju-onne-sunnipaevaks-lastelaulik-cdga\/"]}]},{"@type":"BreadcrumbList","@id":"https:\/\/meero.ee\/m\/toode\/palju-onne-sunnipaevaks-lastelaulik-cdga\/#breadcrumb","itemListElement":[{"@type":"ListItem","position":1,"name":"Home","item":"https:\/\/meero.ee\/m\/"},{"@type":"ListItem","position":2,"name":"Products","item":"https:\/\/meero.ee\/m\/shop\/"},{"@type":"ListItem","position":3,"name":"&#8220;Palju \u00f5nne s\u00fcnnip\u00e4evaks&#8221; lastelaulik CD\u00b4ga"}]}]}},"_links":{"self":[{"href":"https:\/\/meero.ee\/m\/wp-json\/wp\/v2\/product\/1674","targetHints":{"allow":["GET"]}}],"collection":[{"href":"https:\/\/meero.ee\/m\/wp-json\/wp\/v2\/product"}],"about":[{"href":"https:\/\/meero.ee\/m\/wp-json\/wp\/v2\/types\/product"}],"wp:featuredmedia":[{"embeddable":true,"href":"https:\/\/meero.ee\/m\/wp-json\/wp\/v2\/media\/1675"}],"wp:attachment":[{"href":"https:\/\/meero.ee\/m\/wp-json\/wp\/v2\/media?parent=1674"}],"wp:term":[{"taxonomy":"product_cat","embeddable":true,"href":"https:\/\/meero.ee\/m\/wp-json\/wp\/v2\/product_cat?post=1674"},{"taxonomy":"product_tag","embeddable":true,"href":"https:\/\/meero.ee\/m\/wp-json\/wp\/v2\/product_tag?post=1674"}],"curies":[{"name":"wp","href":"https:\/\/api.w.org\/{rel}","templated":true}]}}