{"id":1670,"date":"2021-11-24T11:20:04","date_gmt":"2021-11-24T11:20:04","guid":{"rendered":"https:\/\/meero.ee\/m\/?post_type=product&#038;p=1670"},"modified":"2024-10-02T10:54:52","modified_gmt":"2024-10-02T10:54:52","slug":"konn-kilpkonn-laheb-reisile-r-pajusaar","status":"publish","type":"product","link":"https:\/\/meero.ee\/m\/toode\/konn-kilpkonn-laheb-reisile-r-pajusaar\/","title":{"rendered":"&#8220;Konn kilpkonn l\u00e4heb reisile&#8221;, R. Pajusaar"},"content":{"rendered":"","protected":false},"excerpt":{"rendered":"\u201cKlaveri\u00f5pik \u201eKonn Kilpkonn l\u00e4heb reisile\u201c on j\u00e4tk \u00f5piku I osale \u201eKonn Kilpkonn \u00f5pib klaverit m\u00e4ngima\u201c. I osas said selgeks lihtsamad r\u00fctmid ja noodid. \u00d5piku II osas \u00f5pib Konn Kilpkonn m\u00e4ngima ka mustadel klahvidel ning tutvub uute r\u00fctmidega. \u00d5piku l\u00f5puosas leiad Riine Pajusaare uhiuued klaveripalad p\u00f5nevatest loomadest.","protected":false},"featured_media":1671,"template":"","meta":[],"product_cat":[62],"product_tag":[61],"class_list":["post-1670","product","type-product","status-publish","has-post-thumbnail","hentry","product_cat-e-shop-2","product_tag-shop"],"acf":[],"yoast_head":"<!-- This site is optimized with the Yoast SEO plugin v17.8 - https:\/\/yoast.com\/wordpress\/plugins\/seo\/ -->\n<title>&quot;Konn kilpkonn l\u00e4heb reisile&quot;, R. Pajusaar - meero<\/title>\n<meta name=\"robots\" content=\"index, follow, max-snippet:-1, max-image-preview:large, max-video-preview:-1\" \/>\n<link rel=\"canonical\" href=\"https:\/\/meero.ee\/m\/toode\/konn-kilpkonn-laheb-reisile-r-pajusaar\/\" \/>\n<meta property=\"og:locale\" content=\"et_EE\" \/>\n<meta property=\"og:type\" content=\"article\" \/>\n<meta property=\"og:title\" content=\"&quot;Konn kilpkonn l\u00e4heb reisile&quot;, R. Pajusaar - meero\" \/>\n<meta property=\"og:description\" content=\"\u201cKlaveri\u00f5pik \u201eKonn Kilpkonn l\u00e4heb reisile\u201c on j\u00e4tk \u00f5piku I osale \u201eKonn Kilpkonn \u00f5pib klaverit m\u00e4ngima\u201c. I osas said selgeks lihtsamad r\u00fctmid ja noodid. \u00d5piku II osas \u00f5pib Konn Kilpkonn m\u00e4ngima ka mustadel klahvidel ning tutvub uute r\u00fctmidega. \u00d5piku l\u00f5puosas leiad Riine Pajusaare uhiuued klaveripalad p\u00f5nevatest loomadest.\" \/>\n<meta property=\"og:url\" content=\"https:\/\/meero.ee\/m\/toode\/konn-kilpkonn-laheb-reisile-r-pajusaar\/\" \/>\n<meta property=\"og:site_name\" content=\"meero\" \/>\n<meta property=\"article:modified_time\" content=\"2024-10-02T10:54:52+00:00\" \/>\n<meta property=\"og:image\" content=\"https:\/\/meero.ee\/m\/wp-content\/uploads\/2021\/11\/KonnKilpkonnLahebReisilell.jpg\" \/>\n\t<meta property=\"og:image:width\" content=\"800\" \/>\n\t<meta property=\"og:image:height\" content=\"538\" \/>\n<meta name=\"twitter:card\" content=\"summary_large_image\" \/>\n<script type=\"application\/ld+json\" class=\"yoast-schema-graph\">{\"@context\":\"https:\/\/schema.org\",\"@graph\":[{\"@type\":\"WebSite\",\"@id\":\"https:\/\/meero.ee\/m\/#website\",\"url\":\"https:\/\/meero.ee\/m\/\",\"name\":\"meero\",\"description\":\"Meero Muusik\",\"potentialAction\":[{\"@type\":\"SearchAction\",\"target\":{\"@type\":\"EntryPoint\",\"urlTemplate\":\"https:\/\/meero.ee\/m\/?s={search_term_string}\"},\"query-input\":\"required name=search_term_string\"}],\"inLanguage\":\"et\"},{\"@type\":\"ImageObject\",\"@id\":\"https:\/\/meero.ee\/m\/toode\/konn-kilpkonn-laheb-reisile-r-pajusaar\/#primaryimage\",\"inLanguage\":\"et\",\"url\":\"https:\/\/meero.ee\/m\/wp-content\/uploads\/2021\/11\/KonnKilpkonnLahebReisilell.jpg\",\"contentUrl\":\"https:\/\/meero.ee\/m\/wp-content\/uploads\/2021\/11\/KonnKilpkonnLahebReisilell.jpg\",\"width\":800,\"height\":538},{\"@type\":\"WebPage\",\"@id\":\"https:\/\/meero.ee\/m\/toode\/konn-kilpkonn-laheb-reisile-r-pajusaar\/#webpage\",\"url\":\"https:\/\/meero.ee\/m\/toode\/konn-kilpkonn-laheb-reisile-r-pajusaar\/\",\"name\":\"\\\"Konn kilpkonn l\\u00e4heb reisile\\\", R. Pajusaar - meero\",\"isPartOf\":{\"@id\":\"https:\/\/meero.ee\/m\/#website\"},\"primaryImageOfPage\":{\"@id\":\"https:\/\/meero.ee\/m\/toode\/konn-kilpkonn-laheb-reisile-r-pajusaar\/#primaryimage\"},\"datePublished\":\"2021-11-24T11:20:04+00:00\",\"dateModified\":\"2024-10-02T10:54:52+00:00\",\"breadcrumb\":{\"@id\":\"https:\/\/meero.ee\/m\/toode\/konn-kilpkonn-laheb-reisile-r-pajusaar\/#breadcrumb\"},\"inLanguage\":\"et\",\"potentialAction\":[{\"@type\":\"ReadAction\",\"target\":[\"https:\/\/meero.ee\/m\/toode\/konn-kilpkonn-laheb-reisile-r-pajusaar\/\"]}]},{\"@type\":\"BreadcrumbList\",\"@id\":\"https:\/\/meero.ee\/m\/toode\/konn-kilpkonn-laheb-reisile-r-pajusaar\/#breadcrumb\",\"itemListElement\":[{\"@type\":\"ListItem\",\"position\":1,\"name\":\"Home\",\"item\":\"https:\/\/meero.ee\/m\/\"},{\"@type\":\"ListItem\",\"position\":2,\"name\":\"Products\",\"item\":\"https:\/\/meero.ee\/m\/shop\/\"},{\"@type\":\"ListItem\",\"position\":3,\"name\":\"&#8220;Konn kilpkonn l\\u00e4heb reisile&#8221;, R. Pajusaar\"}]}]}<\/script>\n<!-- \/ Yoast SEO plugin. -->","yoast_head_json":{"title":"\"Konn kilpkonn l\u00e4heb reisile\", R. Pajusaar - meero","robots":{"index":"index","follow":"follow","max-snippet":"max-snippet:-1","max-image-preview":"max-image-preview:large","max-video-preview":"max-video-preview:-1"},"canonical":"https:\/\/meero.ee\/m\/toode\/konn-kilpkonn-laheb-reisile-r-pajusaar\/","og_locale":"et_EE","og_type":"article","og_title":"\"Konn kilpkonn l\u00e4heb reisile\", R. Pajusaar - meero","og_description":"\u201cKlaveri\u00f5pik \u201eKonn Kilpkonn l\u00e4heb reisile\u201c on j\u00e4tk \u00f5piku I osale \u201eKonn Kilpkonn \u00f5pib klaverit m\u00e4ngima\u201c. I osas said selgeks lihtsamad r\u00fctmid ja noodid. \u00d5piku II osas \u00f5pib Konn Kilpkonn m\u00e4ngima ka mustadel klahvidel ning tutvub uute r\u00fctmidega. \u00d5piku l\u00f5puosas leiad Riine Pajusaare uhiuued klaveripalad p\u00f5nevatest loomadest.","og_url":"https:\/\/meero.ee\/m\/toode\/konn-kilpkonn-laheb-reisile-r-pajusaar\/","og_site_name":"meero","article_modified_time":"2024-10-02T10:54:52+00:00","og_image":[{"width":800,"height":538,"url":"https:\/\/meero.ee\/m\/wp-content\/uploads\/2021\/11\/KonnKilpkonnLahebReisilell.jpg","type":"image\/jpeg"}],"twitter_card":"summary_large_image","schema":{"@context":"https:\/\/schema.org","@graph":[{"@type":"WebSite","@id":"https:\/\/meero.ee\/m\/#website","url":"https:\/\/meero.ee\/m\/","name":"meero","description":"Meero Muusik","potentialAction":[{"@type":"SearchAction","target":{"@type":"EntryPoint","urlTemplate":"https:\/\/meero.ee\/m\/?s={search_term_string}"},"query-input":"required name=search_term_string"}],"inLanguage":"et"},{"@type":"ImageObject","@id":"https:\/\/meero.ee\/m\/toode\/konn-kilpkonn-laheb-reisile-r-pajusaar\/#primaryimage","inLanguage":"et","url":"https:\/\/meero.ee\/m\/wp-content\/uploads\/2021\/11\/KonnKilpkonnLahebReisilell.jpg","contentUrl":"https:\/\/meero.ee\/m\/wp-content\/uploads\/2021\/11\/KonnKilpkonnLahebReisilell.jpg","width":800,"height":538},{"@type":"WebPage","@id":"https:\/\/meero.ee\/m\/toode\/konn-kilpkonn-laheb-reisile-r-pajusaar\/#webpage","url":"https:\/\/meero.ee\/m\/toode\/konn-kilpkonn-laheb-reisile-r-pajusaar\/","name":"\"Konn kilpkonn l\u00e4heb reisile\", R. Pajusaar - meero","isPartOf":{"@id":"https:\/\/meero.ee\/m\/#website"},"primaryImageOfPage":{"@id":"https:\/\/meero.ee\/m\/toode\/konn-kilpkonn-laheb-reisile-r-pajusaar\/#primaryimage"},"datePublished":"2021-11-24T11:20:04+00:00","dateModified":"2024-10-02T10:54:52+00:00","breadcrumb":{"@id":"https:\/\/meero.ee\/m\/toode\/konn-kilpkonn-laheb-reisile-r-pajusaar\/#breadcrumb"},"inLanguage":"et","potentialAction":[{"@type":"ReadAction","target":["https:\/\/meero.ee\/m\/toode\/konn-kilpkonn-laheb-reisile-r-pajusaar\/"]}]},{"@type":"BreadcrumbList","@id":"https:\/\/meero.ee\/m\/toode\/konn-kilpkonn-laheb-reisile-r-pajusaar\/#breadcrumb","itemListElement":[{"@type":"ListItem","position":1,"name":"Home","item":"https:\/\/meero.ee\/m\/"},{"@type":"ListItem","position":2,"name":"Products","item":"https:\/\/meero.ee\/m\/shop\/"},{"@type":"ListItem","position":3,"name":"&#8220;Konn kilpkonn l\u00e4heb reisile&#8221;, R. Pajusaar"}]}]}},"_links":{"self":[{"href":"https:\/\/meero.ee\/m\/wp-json\/wp\/v2\/product\/1670","targetHints":{"allow":["GET"]}}],"collection":[{"href":"https:\/\/meero.ee\/m\/wp-json\/wp\/v2\/product"}],"about":[{"href":"https:\/\/meero.ee\/m\/wp-json\/wp\/v2\/types\/product"}],"wp:featuredmedia":[{"embeddable":true,"href":"https:\/\/meero.ee\/m\/wp-json\/wp\/v2\/media\/1671"}],"wp:attachment":[{"href":"https:\/\/meero.ee\/m\/wp-json\/wp\/v2\/media?parent=1670"}],"wp:term":[{"taxonomy":"product_cat","embeddable":true,"href":"https:\/\/meero.ee\/m\/wp-json\/wp\/v2\/product_cat?post=1670"},{"taxonomy":"product_tag","embeddable":true,"href":"https:\/\/meero.ee\/m\/wp-json\/wp\/v2\/product_tag?post=1670"}],"curies":[{"name":"wp","href":"https:\/\/api.w.org\/{rel}","templated":true}]}}