{"id":1668,"date":"2021-11-24T11:17:54","date_gmt":"2021-11-24T11:17:54","guid":{"rendered":"https:\/\/meero.ee\/m\/?post_type=product&#038;p=1668"},"modified":"2024-01-02T15:52:21","modified_gmt":"2024-01-02T15:52:21","slug":"konn-kilpkonn-opib-klaverit-mangima-r-pajusaar","status":"publish","type":"product","link":"https:\/\/meero.ee\/m\/toode\/konn-kilpkonn-opib-klaverit-mangima-r-pajusaar\/","title":{"rendered":"&#8220;Konn kilpkonn \u00f5pib klaverit m\u00e4ngima&#8221;, R. Pajusaar"},"content":{"rendered":"","protected":false},"excerpt":{"rendered":"L\u00f5bus kaunite piltidega klaveri\u00f5pik sobib algajatele. Koos Kilpkonnaga saavad selgeks lihtsamad r\u00fctmid ja noodid. \u00d5pikus leiad lihtsaid klaveripalu, millel on enamasti ka saatepartii. Paljudel paladel on s\u00f5nad, sest pillim\u00e4ng algab ju ikka laulmisest. Nooditekst on suur ja selge, et lapsel oleks seda m\u00f5nus j\u00e4lgida. Palad p\u00e4rinevad peaasjalikult\u00a0Riine Pajusaare\u00a0sulest, aga sisse on p\u00f5imitud ka eri rahvaste tuntud laule.","protected":false},"featured_media":1669,"template":"","meta":[],"product_cat":[62],"product_tag":[61],"class_list":["post-1668","product","type-product","status-publish","has-post-thumbnail","hentry","product_cat-e-shop-2","product_tag-shop"],"acf":[],"yoast_head":"<!-- This site is optimized with the Yoast SEO plugin v17.8 - https:\/\/yoast.com\/wordpress\/plugins\/seo\/ -->\n<title>&quot;Konn kilpkonn \u00f5pib klaverit m\u00e4ngima&quot;, R. Pajusaar - meero<\/title>\n<meta name=\"robots\" content=\"index, follow, max-snippet:-1, max-image-preview:large, max-video-preview:-1\" \/>\n<link rel=\"canonical\" href=\"https:\/\/meero.ee\/m\/toode\/konn-kilpkonn-opib-klaverit-mangima-r-pajusaar\/\" \/>\n<meta property=\"og:locale\" content=\"et_EE\" \/>\n<meta property=\"og:type\" content=\"article\" \/>\n<meta property=\"og:title\" content=\"&quot;Konn kilpkonn \u00f5pib klaverit m\u00e4ngima&quot;, R. Pajusaar - meero\" \/>\n<meta property=\"og:description\" content=\"L\u00f5bus kaunite piltidega klaveri\u00f5pik sobib algajatele. Koos Kilpkonnaga saavad selgeks lihtsamad r\u00fctmid ja noodid. \u00d5pikus leiad lihtsaid klaveripalu, millel on enamasti ka saatepartii. Paljudel paladel on s\u00f5nad, sest pillim\u00e4ng algab ju ikka laulmisest. Nooditekst on suur ja selge, et lapsel oleks seda m\u00f5nus j\u00e4lgida. Palad p\u00e4rinevad peaasjalikult\u00a0Riine Pajusaare\u00a0sulest, aga sisse on p\u00f5imitud ka eri rahvaste tuntud laule.\" \/>\n<meta property=\"og:url\" content=\"https:\/\/meero.ee\/m\/toode\/konn-kilpkonn-opib-klaverit-mangima-r-pajusaar\/\" \/>\n<meta property=\"og:site_name\" content=\"meero\" \/>\n<meta property=\"article:modified_time\" content=\"2024-01-02T15:52:21+00:00\" \/>\n<meta property=\"og:image\" content=\"https:\/\/meero.ee\/m\/wp-content\/uploads\/2021\/11\/KonnKilpkonnOpibKlaveritMangima-scaled.jpg\" \/>\n\t<meta property=\"og:image:width\" content=\"2560\" \/>\n\t<meta property=\"og:image:height\" content=\"1804\" \/>\n<meta name=\"twitter:card\" content=\"summary_large_image\" \/>\n<script type=\"application\/ld+json\" class=\"yoast-schema-graph\">{\"@context\":\"https:\/\/schema.org\",\"@graph\":[{\"@type\":\"WebSite\",\"@id\":\"https:\/\/meero.ee\/m\/#website\",\"url\":\"https:\/\/meero.ee\/m\/\",\"name\":\"meero\",\"description\":\"Meero Muusik\",\"potentialAction\":[{\"@type\":\"SearchAction\",\"target\":{\"@type\":\"EntryPoint\",\"urlTemplate\":\"https:\/\/meero.ee\/m\/?s={search_term_string}\"},\"query-input\":\"required name=search_term_string\"}],\"inLanguage\":\"et\"},{\"@type\":\"ImageObject\",\"@id\":\"https:\/\/meero.ee\/m\/toode\/konn-kilpkonn-opib-klaverit-mangima-r-pajusaar\/#primaryimage\",\"inLanguage\":\"et\",\"url\":\"https:\/\/meero.ee\/m\/wp-content\/uploads\/2021\/11\/KonnKilpkonnOpibKlaveritMangima-scaled.jpg\",\"contentUrl\":\"https:\/\/meero.ee\/m\/wp-content\/uploads\/2021\/11\/KonnKilpkonnOpibKlaveritMangima-scaled.jpg\",\"width\":2560,\"height\":1804},{\"@type\":\"WebPage\",\"@id\":\"https:\/\/meero.ee\/m\/toode\/konn-kilpkonn-opib-klaverit-mangima-r-pajusaar\/#webpage\",\"url\":\"https:\/\/meero.ee\/m\/toode\/konn-kilpkonn-opib-klaverit-mangima-r-pajusaar\/\",\"name\":\"\\\"Konn kilpkonn \\u00f5pib klaverit m\\u00e4ngima\\\", R. Pajusaar - meero\",\"isPartOf\":{\"@id\":\"https:\/\/meero.ee\/m\/#website\"},\"primaryImageOfPage\":{\"@id\":\"https:\/\/meero.ee\/m\/toode\/konn-kilpkonn-opib-klaverit-mangima-r-pajusaar\/#primaryimage\"},\"datePublished\":\"2021-11-24T11:17:54+00:00\",\"dateModified\":\"2024-01-02T15:52:21+00:00\",\"breadcrumb\":{\"@id\":\"https:\/\/meero.ee\/m\/toode\/konn-kilpkonn-opib-klaverit-mangima-r-pajusaar\/#breadcrumb\"},\"inLanguage\":\"et\",\"potentialAction\":[{\"@type\":\"ReadAction\",\"target\":[\"https:\/\/meero.ee\/m\/toode\/konn-kilpkonn-opib-klaverit-mangima-r-pajusaar\/\"]}]},{\"@type\":\"BreadcrumbList\",\"@id\":\"https:\/\/meero.ee\/m\/toode\/konn-kilpkonn-opib-klaverit-mangima-r-pajusaar\/#breadcrumb\",\"itemListElement\":[{\"@type\":\"ListItem\",\"position\":1,\"name\":\"Home\",\"item\":\"https:\/\/meero.ee\/m\/\"},{\"@type\":\"ListItem\",\"position\":2,\"name\":\"Products\",\"item\":\"https:\/\/meero.ee\/m\/shop\/\"},{\"@type\":\"ListItem\",\"position\":3,\"name\":\"&#8220;Konn kilpkonn \\u00f5pib klaverit m\\u00e4ngima&#8221;, R. Pajusaar\"}]}]}<\/script>\n<!-- \/ Yoast SEO plugin. -->","yoast_head_json":{"title":"\"Konn kilpkonn \u00f5pib klaverit m\u00e4ngima\", R. Pajusaar - meero","robots":{"index":"index","follow":"follow","max-snippet":"max-snippet:-1","max-image-preview":"max-image-preview:large","max-video-preview":"max-video-preview:-1"},"canonical":"https:\/\/meero.ee\/m\/toode\/konn-kilpkonn-opib-klaverit-mangima-r-pajusaar\/","og_locale":"et_EE","og_type":"article","og_title":"\"Konn kilpkonn \u00f5pib klaverit m\u00e4ngima\", R. Pajusaar - meero","og_description":"L\u00f5bus kaunite piltidega klaveri\u00f5pik sobib algajatele. Koos Kilpkonnaga saavad selgeks lihtsamad r\u00fctmid ja noodid. \u00d5pikus leiad lihtsaid klaveripalu, millel on enamasti ka saatepartii. Paljudel paladel on s\u00f5nad, sest pillim\u00e4ng algab ju ikka laulmisest. Nooditekst on suur ja selge, et lapsel oleks seda m\u00f5nus j\u00e4lgida. Palad p\u00e4rinevad peaasjalikult\u00a0Riine Pajusaare\u00a0sulest, aga sisse on p\u00f5imitud ka eri rahvaste tuntud laule.","og_url":"https:\/\/meero.ee\/m\/toode\/konn-kilpkonn-opib-klaverit-mangima-r-pajusaar\/","og_site_name":"meero","article_modified_time":"2024-01-02T15:52:21+00:00","og_image":[{"width":2560,"height":1804,"url":"https:\/\/meero.ee\/m\/wp-content\/uploads\/2021\/11\/KonnKilpkonnOpibKlaveritMangima-scaled.jpg","type":"image\/jpeg"}],"twitter_card":"summary_large_image","schema":{"@context":"https:\/\/schema.org","@graph":[{"@type":"WebSite","@id":"https:\/\/meero.ee\/m\/#website","url":"https:\/\/meero.ee\/m\/","name":"meero","description":"Meero Muusik","potentialAction":[{"@type":"SearchAction","target":{"@type":"EntryPoint","urlTemplate":"https:\/\/meero.ee\/m\/?s={search_term_string}"},"query-input":"required name=search_term_string"}],"inLanguage":"et"},{"@type":"ImageObject","@id":"https:\/\/meero.ee\/m\/toode\/konn-kilpkonn-opib-klaverit-mangima-r-pajusaar\/#primaryimage","inLanguage":"et","url":"https:\/\/meero.ee\/m\/wp-content\/uploads\/2021\/11\/KonnKilpkonnOpibKlaveritMangima-scaled.jpg","contentUrl":"https:\/\/meero.ee\/m\/wp-content\/uploads\/2021\/11\/KonnKilpkonnOpibKlaveritMangima-scaled.jpg","width":2560,"height":1804},{"@type":"WebPage","@id":"https:\/\/meero.ee\/m\/toode\/konn-kilpkonn-opib-klaverit-mangima-r-pajusaar\/#webpage","url":"https:\/\/meero.ee\/m\/toode\/konn-kilpkonn-opib-klaverit-mangima-r-pajusaar\/","name":"\"Konn kilpkonn \u00f5pib klaverit m\u00e4ngima\", R. Pajusaar - meero","isPartOf":{"@id":"https:\/\/meero.ee\/m\/#website"},"primaryImageOfPage":{"@id":"https:\/\/meero.ee\/m\/toode\/konn-kilpkonn-opib-klaverit-mangima-r-pajusaar\/#primaryimage"},"datePublished":"2021-11-24T11:17:54+00:00","dateModified":"2024-01-02T15:52:21+00:00","breadcrumb":{"@id":"https:\/\/meero.ee\/m\/toode\/konn-kilpkonn-opib-klaverit-mangima-r-pajusaar\/#breadcrumb"},"inLanguage":"et","potentialAction":[{"@type":"ReadAction","target":["https:\/\/meero.ee\/m\/toode\/konn-kilpkonn-opib-klaverit-mangima-r-pajusaar\/"]}]},{"@type":"BreadcrumbList","@id":"https:\/\/meero.ee\/m\/toode\/konn-kilpkonn-opib-klaverit-mangima-r-pajusaar\/#breadcrumb","itemListElement":[{"@type":"ListItem","position":1,"name":"Home","item":"https:\/\/meero.ee\/m\/"},{"@type":"ListItem","position":2,"name":"Products","item":"https:\/\/meero.ee\/m\/shop\/"},{"@type":"ListItem","position":3,"name":"&#8220;Konn kilpkonn \u00f5pib klaverit m\u00e4ngima&#8221;, R. Pajusaar"}]}]}},"_links":{"self":[{"href":"https:\/\/meero.ee\/m\/wp-json\/wp\/v2\/product\/1668","targetHints":{"allow":["GET"]}}],"collection":[{"href":"https:\/\/meero.ee\/m\/wp-json\/wp\/v2\/product"}],"about":[{"href":"https:\/\/meero.ee\/m\/wp-json\/wp\/v2\/types\/product"}],"wp:featuredmedia":[{"embeddable":true,"href":"https:\/\/meero.ee\/m\/wp-json\/wp\/v2\/media\/1669"}],"wp:attachment":[{"href":"https:\/\/meero.ee\/m\/wp-json\/wp\/v2\/media?parent=1668"}],"wp:term":[{"taxonomy":"product_cat","embeddable":true,"href":"https:\/\/meero.ee\/m\/wp-json\/wp\/v2\/product_cat?post=1668"},{"taxonomy":"product_tag","embeddable":true,"href":"https:\/\/meero.ee\/m\/wp-json\/wp\/v2\/product_tag?post=1668"}],"curies":[{"name":"wp","href":"https:\/\/api.w.org\/{rel}","templated":true}]}}