{"id":1666,"date":"2021-11-24T11:13:47","date_gmt":"2021-11-24T11:13:47","guid":{"rendered":"https:\/\/meero.ee\/m\/?post_type=product&#038;p=1666"},"modified":"2024-05-27T15:18:36","modified_gmt":"2024-05-27T15:18:36","slug":"tuntud-lastelaule-klaverile-r-lantson","status":"publish","type":"product","link":"https:\/\/meero.ee\/m\/toode\/tuntud-lastelaule-klaverile-r-lantson\/","title":{"rendered":"&#8220;Tuntud lastelaule klaverile&#8221;, R. Lantson"},"content":{"rendered":"","protected":false},"excerpt":{"rendered":"&#8220;<strong>Tuntud lastelaule klaverile<\/strong>&#8221; on klaveri- ja lauluraamat, mis sisaldab tuntud traditsionaalseid lastelaule. Tegemist on lugudega, mille saatel t\u00e4nap\u00e4eva lapsed \u00fcles kasvanud on. Seet\u00f5ttu peaksid need lood olema tuttavad k\u00f5ikidele lastele. Raamatus on lood, nagu &#8220;Viis v\u00e4ikest parti&#8221; (&#8220;Five Little Ducks&#8221;), &#8220;Donald oli talumees&#8221; (&#8220;Old MacDonald Had a Farm&#8221;), &#8220;Kolm v\u00e4ikest kiisut&#8221; (&#8220;Three Little Kittens&#8221;) jne.\r\n\r\nLood on seatud klaverile lihtsas v\u00f5tmes, sobides algajatele klaverim\u00e4ngijatele alates 4ndast eluaastast. M\u00f5eldes v\u00e4ikestele lauljatele (ning ka lapsevanematele) on laulud t\u00f5lgitud autori poolt eesti keelde ning seatud nii, et lastel oleks neid mugav laulda.","protected":false},"featured_media":1667,"template":"","meta":[],"product_cat":[62],"product_tag":[61],"class_list":["post-1666","product","type-product","status-publish","has-post-thumbnail","hentry","product_cat-e-shop-2","product_tag-shop"],"acf":[],"yoast_head":"<!-- This site is optimized with the Yoast SEO plugin v17.8 - https:\/\/yoast.com\/wordpress\/plugins\/seo\/ -->\n<title>&quot;Tuntud lastelaule klaverile&quot;, R. Lantson - meero<\/title>\n<meta name=\"robots\" content=\"index, follow, max-snippet:-1, max-image-preview:large, max-video-preview:-1\" \/>\n<link rel=\"canonical\" href=\"https:\/\/meero.ee\/m\/toode\/tuntud-lastelaule-klaverile-r-lantson\/\" \/>\n<meta property=\"og:locale\" content=\"et_EE\" \/>\n<meta property=\"og:type\" content=\"article\" \/>\n<meta property=\"og:title\" content=\"&quot;Tuntud lastelaule klaverile&quot;, R. Lantson - meero\" \/>\n<meta property=\"og:description\" content=\"&quot;Tuntud lastelaule klaverile&quot; on klaveri- ja lauluraamat, mis sisaldab tuntud traditsionaalseid lastelaule. Tegemist on lugudega, mille saatel t\u00e4nap\u00e4eva lapsed \u00fcles kasvanud on. Seet\u00f5ttu peaksid need lood olema tuttavad k\u00f5ikidele lastele. Raamatus on lood, nagu &quot;Viis v\u00e4ikest parti&quot; (&quot;Five Little Ducks&quot;), &quot;Donald oli talumees&quot; (&quot;Old MacDonald Had a Farm&quot;), &quot;Kolm v\u00e4ikest kiisut&quot; (&quot;Three Little Kittens&quot;) jne.  Lood on seatud klaverile lihtsas v\u00f5tmes, sobides algajatele klaverim\u00e4ngijatele alates 4ndast eluaastast. M\u00f5eldes v\u00e4ikestele lauljatele (ning ka lapsevanematele) on laulud t\u00f5lgitud autori poolt eesti keelde ning seatud nii, et lastel oleks neid mugav laulda.\" \/>\n<meta property=\"og:url\" content=\"https:\/\/meero.ee\/m\/toode\/tuntud-lastelaule-klaverile-r-lantson\/\" \/>\n<meta property=\"og:site_name\" content=\"meero\" \/>\n<meta property=\"article:modified_time\" content=\"2024-05-27T15:18:36+00:00\" \/>\n<meta property=\"og:image\" content=\"https:\/\/meero.ee\/m\/wp-content\/uploads\/2021\/11\/TuntudLastelauleKlaverile.jpg\" \/>\n\t<meta property=\"og:image:width\" content=\"800\" \/>\n\t<meta property=\"og:image:height\" content=\"573\" \/>\n<meta name=\"twitter:card\" content=\"summary_large_image\" \/>\n<script type=\"application\/ld+json\" class=\"yoast-schema-graph\">{\"@context\":\"https:\/\/schema.org\",\"@graph\":[{\"@type\":\"WebSite\",\"@id\":\"https:\/\/meero.ee\/m\/#website\",\"url\":\"https:\/\/meero.ee\/m\/\",\"name\":\"meero\",\"description\":\"Meero Muusik\",\"potentialAction\":[{\"@type\":\"SearchAction\",\"target\":{\"@type\":\"EntryPoint\",\"urlTemplate\":\"https:\/\/meero.ee\/m\/?s={search_term_string}\"},\"query-input\":\"required name=search_term_string\"}],\"inLanguage\":\"et\"},{\"@type\":\"ImageObject\",\"@id\":\"https:\/\/meero.ee\/m\/toode\/tuntud-lastelaule-klaverile-r-lantson\/#primaryimage\",\"inLanguage\":\"et\",\"url\":\"https:\/\/meero.ee\/m\/wp-content\/uploads\/2021\/11\/TuntudLastelauleKlaverile.jpg\",\"contentUrl\":\"https:\/\/meero.ee\/m\/wp-content\/uploads\/2021\/11\/TuntudLastelauleKlaverile.jpg\",\"width\":800,\"height\":573},{\"@type\":\"WebPage\",\"@id\":\"https:\/\/meero.ee\/m\/toode\/tuntud-lastelaule-klaverile-r-lantson\/#webpage\",\"url\":\"https:\/\/meero.ee\/m\/toode\/tuntud-lastelaule-klaverile-r-lantson\/\",\"name\":\"\\\"Tuntud lastelaule klaverile\\\", R. Lantson - meero\",\"isPartOf\":{\"@id\":\"https:\/\/meero.ee\/m\/#website\"},\"primaryImageOfPage\":{\"@id\":\"https:\/\/meero.ee\/m\/toode\/tuntud-lastelaule-klaverile-r-lantson\/#primaryimage\"},\"datePublished\":\"2021-11-24T11:13:47+00:00\",\"dateModified\":\"2024-05-27T15:18:36+00:00\",\"breadcrumb\":{\"@id\":\"https:\/\/meero.ee\/m\/toode\/tuntud-lastelaule-klaverile-r-lantson\/#breadcrumb\"},\"inLanguage\":\"et\",\"potentialAction\":[{\"@type\":\"ReadAction\",\"target\":[\"https:\/\/meero.ee\/m\/toode\/tuntud-lastelaule-klaverile-r-lantson\/\"]}]},{\"@type\":\"BreadcrumbList\",\"@id\":\"https:\/\/meero.ee\/m\/toode\/tuntud-lastelaule-klaverile-r-lantson\/#breadcrumb\",\"itemListElement\":[{\"@type\":\"ListItem\",\"position\":1,\"name\":\"Home\",\"item\":\"https:\/\/meero.ee\/m\/\"},{\"@type\":\"ListItem\",\"position\":2,\"name\":\"Products\",\"item\":\"https:\/\/meero.ee\/m\/shop\/\"},{\"@type\":\"ListItem\",\"position\":3,\"name\":\"&#8220;Tuntud lastelaule klaverile&#8221;, R. Lantson\"}]}]}<\/script>\n<!-- \/ Yoast SEO plugin. -->","yoast_head_json":{"title":"\"Tuntud lastelaule klaverile\", R. Lantson - meero","robots":{"index":"index","follow":"follow","max-snippet":"max-snippet:-1","max-image-preview":"max-image-preview:large","max-video-preview":"max-video-preview:-1"},"canonical":"https:\/\/meero.ee\/m\/toode\/tuntud-lastelaule-klaverile-r-lantson\/","og_locale":"et_EE","og_type":"article","og_title":"\"Tuntud lastelaule klaverile\", R. Lantson - meero","og_description":"\"Tuntud lastelaule klaverile\" on klaveri- ja lauluraamat, mis sisaldab tuntud traditsionaalseid lastelaule. Tegemist on lugudega, mille saatel t\u00e4nap\u00e4eva lapsed \u00fcles kasvanud on. Seet\u00f5ttu peaksid need lood olema tuttavad k\u00f5ikidele lastele. Raamatus on lood, nagu \"Viis v\u00e4ikest parti\" (\"Five Little Ducks\"), \"Donald oli talumees\" (\"Old MacDonald Had a Farm\"), \"Kolm v\u00e4ikest kiisut\" (\"Three Little Kittens\") jne.  Lood on seatud klaverile lihtsas v\u00f5tmes, sobides algajatele klaverim\u00e4ngijatele alates 4ndast eluaastast. M\u00f5eldes v\u00e4ikestele lauljatele (ning ka lapsevanematele) on laulud t\u00f5lgitud autori poolt eesti keelde ning seatud nii, et lastel oleks neid mugav laulda.","og_url":"https:\/\/meero.ee\/m\/toode\/tuntud-lastelaule-klaverile-r-lantson\/","og_site_name":"meero","article_modified_time":"2024-05-27T15:18:36+00:00","og_image":[{"width":800,"height":573,"url":"https:\/\/meero.ee\/m\/wp-content\/uploads\/2021\/11\/TuntudLastelauleKlaverile.jpg","type":"image\/jpeg"}],"twitter_card":"summary_large_image","schema":{"@context":"https:\/\/schema.org","@graph":[{"@type":"WebSite","@id":"https:\/\/meero.ee\/m\/#website","url":"https:\/\/meero.ee\/m\/","name":"meero","description":"Meero Muusik","potentialAction":[{"@type":"SearchAction","target":{"@type":"EntryPoint","urlTemplate":"https:\/\/meero.ee\/m\/?s={search_term_string}"},"query-input":"required name=search_term_string"}],"inLanguage":"et"},{"@type":"ImageObject","@id":"https:\/\/meero.ee\/m\/toode\/tuntud-lastelaule-klaverile-r-lantson\/#primaryimage","inLanguage":"et","url":"https:\/\/meero.ee\/m\/wp-content\/uploads\/2021\/11\/TuntudLastelauleKlaverile.jpg","contentUrl":"https:\/\/meero.ee\/m\/wp-content\/uploads\/2021\/11\/TuntudLastelauleKlaverile.jpg","width":800,"height":573},{"@type":"WebPage","@id":"https:\/\/meero.ee\/m\/toode\/tuntud-lastelaule-klaverile-r-lantson\/#webpage","url":"https:\/\/meero.ee\/m\/toode\/tuntud-lastelaule-klaverile-r-lantson\/","name":"\"Tuntud lastelaule klaverile\", R. Lantson - meero","isPartOf":{"@id":"https:\/\/meero.ee\/m\/#website"},"primaryImageOfPage":{"@id":"https:\/\/meero.ee\/m\/toode\/tuntud-lastelaule-klaverile-r-lantson\/#primaryimage"},"datePublished":"2021-11-24T11:13:47+00:00","dateModified":"2024-05-27T15:18:36+00:00","breadcrumb":{"@id":"https:\/\/meero.ee\/m\/toode\/tuntud-lastelaule-klaverile-r-lantson\/#breadcrumb"},"inLanguage":"et","potentialAction":[{"@type":"ReadAction","target":["https:\/\/meero.ee\/m\/toode\/tuntud-lastelaule-klaverile-r-lantson\/"]}]},{"@type":"BreadcrumbList","@id":"https:\/\/meero.ee\/m\/toode\/tuntud-lastelaule-klaverile-r-lantson\/#breadcrumb","itemListElement":[{"@type":"ListItem","position":1,"name":"Home","item":"https:\/\/meero.ee\/m\/"},{"@type":"ListItem","position":2,"name":"Products","item":"https:\/\/meero.ee\/m\/shop\/"},{"@type":"ListItem","position":3,"name":"&#8220;Tuntud lastelaule klaverile&#8221;, R. Lantson"}]}]}},"_links":{"self":[{"href":"https:\/\/meero.ee\/m\/wp-json\/wp\/v2\/product\/1666","targetHints":{"allow":["GET"]}}],"collection":[{"href":"https:\/\/meero.ee\/m\/wp-json\/wp\/v2\/product"}],"about":[{"href":"https:\/\/meero.ee\/m\/wp-json\/wp\/v2\/types\/product"}],"wp:featuredmedia":[{"embeddable":true,"href":"https:\/\/meero.ee\/m\/wp-json\/wp\/v2\/media\/1667"}],"wp:attachment":[{"href":"https:\/\/meero.ee\/m\/wp-json\/wp\/v2\/media?parent=1666"}],"wp:term":[{"taxonomy":"product_cat","embeddable":true,"href":"https:\/\/meero.ee\/m\/wp-json\/wp\/v2\/product_cat?post=1666"},{"taxonomy":"product_tag","embeddable":true,"href":"https:\/\/meero.ee\/m\/wp-json\/wp\/v2\/product_tag?post=1666"}],"curies":[{"name":"wp","href":"https:\/\/api.w.org\/{rel}","templated":true}]}}