{"id":1434,"date":"2021-09-22T08:25:35","date_gmt":"2021-09-22T08:25:35","guid":{"rendered":"https:\/\/meero.ee\/m\/?post_type=product&#038;p=1434"},"modified":"2023-01-03T12:05:22","modified_gmt":"2023-01-03T12:05:22","slug":"ahoi-me-joonistame-laulu-laulik-cdga","status":"publish","type":"product","link":"https:\/\/meero.ee\/m\/toode\/ahoi-me-joonistame-laulu-laulik-cdga\/","title":{"rendered":"&#8220;Ahoi, me joonistame laulu!&#8221; laulik CD\u00b4ga"},"content":{"rendered":"<strong>Laulujoonistamise meetod toetamas l\u00f5imitud \u00f5ppimist ja suhtlemist<\/strong>\r\nLAULUJOONISTAMINE on multisensoorne tegutsemisviis, kus joonistused s\u00fcnnivad lauldes ja laulu toel otsekui v\u00f5luv\u00e4el. Meetod toetab eri vanuses ja erinevate oskustega laste \u00f5ppimist ning pakub osalemiskogemust ja eduelamusi. Lisaks laulmisele ja joonistamisele kutsub see keskenduma, suhtlema ja vestlema ning koos tegutsema. Laulujoonistamine on sobiv t\u00f6\u00f6riist ka eri\u00f5ppes ja rehabilitatsioonis.\r\nLaulujoonistamise meetodi on v\u00e4lja arendanud soome lastemuusika looja ja pedagoogiline arendaja Minna Lappalainen. Soomes on meetod palju kasutatud t\u00f6\u00f6vahend nii alushariduses, eripedagoogikas kui ka rehabilitatsioonis.\r\n\r\nSaatmiskulu hinnas.","protected":false},"excerpt":{"rendered":"Laulujoonistamise meetod toetamas l\u00f5imitud \u00f5ppimist ja suhtlemist LAULUJOONISTAMINE on multisensoorne tegutsemisviis, kus joonistused s\u00fcnnivad lauldes ja laulu toel otsekui v\u00f5luv\u00e4el. Meetod toetab eri vanuses ja erinevate oskustega laste \u00f5ppimist ning pakub osalemiskogemust ja eduelamusi. Lisaks laulmisele ja joonistamisele kutsub see keskenduma, suhtlema ja vestlema ning koos tegutsema. Laulujoonistamine on sobiv t\u00f6\u00f6riist ka eri\u00f5ppes ja rehabilitatsioonis. [&hellip;]","protected":false},"featured_media":1435,"template":"","meta":[],"product_cat":[62],"product_tag":[61],"class_list":["post-1434","product","type-product","status-publish","has-post-thumbnail","hentry","product_cat-e-shop-2","product_tag-shop"],"acf":[],"yoast_head":"<!-- This site is optimized with the Yoast SEO plugin v17.8 - https:\/\/yoast.com\/wordpress\/plugins\/seo\/ -->\n<title>&quot;Ahoi, me joonistame laulu!&quot; laulik CD\u00b4ga - meero<\/title>\n<meta name=\"robots\" content=\"index, follow, max-snippet:-1, max-image-preview:large, max-video-preview:-1\" \/>\n<link rel=\"canonical\" href=\"https:\/\/meero.ee\/m\/toode\/ahoi-me-joonistame-laulu-laulik-cdga\/\" \/>\n<meta property=\"og:locale\" content=\"et_EE\" \/>\n<meta property=\"og:type\" content=\"article\" \/>\n<meta property=\"og:title\" content=\"&quot;Ahoi, me joonistame laulu!&quot; laulik CD\u00b4ga - meero\" \/>\n<meta property=\"og:description\" content=\"Laulujoonistamise meetod toetamas l\u00f5imitud \u00f5ppimist ja suhtlemist LAULUJOONISTAMINE on multisensoorne tegutsemisviis, kus joonistused s\u00fcnnivad lauldes ja laulu toel otsekui v\u00f5luv\u00e4el. Meetod toetab eri vanuses ja erinevate oskustega laste \u00f5ppimist ning pakub osalemiskogemust ja eduelamusi. Lisaks laulmisele ja joonistamisele kutsub see keskenduma, suhtlema ja vestlema ning koos tegutsema. Laulujoonistamine on sobiv t\u00f6\u00f6riist ka eri\u00f5ppes ja rehabilitatsioonis. [&hellip;]\" \/>\n<meta property=\"og:url\" content=\"https:\/\/meero.ee\/m\/toode\/ahoi-me-joonistame-laulu-laulik-cdga\/\" \/>\n<meta property=\"og:site_name\" content=\"meero\" \/>\n<meta property=\"article:modified_time\" content=\"2023-01-03T12:05:22+00:00\" \/>\n<meta property=\"og:image\" content=\"https:\/\/meero.ee\/m\/wp-content\/uploads\/2021\/09\/Ahoi-me-joonistame-laulu-low.jpg\" \/>\n\t<meta property=\"og:image:width\" content=\"800\" \/>\n\t<meta property=\"og:image:height\" content=\"600\" \/>\n<meta name=\"twitter:card\" content=\"summary_large_image\" \/>\n<meta name=\"twitter:label1\" content=\"Est. reading time\" \/>\n\t<meta name=\"twitter:data1\" content=\"1 minut\" \/>\n<script type=\"application\/ld+json\" class=\"yoast-schema-graph\">{\"@context\":\"https:\/\/schema.org\",\"@graph\":[{\"@type\":\"WebSite\",\"@id\":\"https:\/\/meero.ee\/m\/#website\",\"url\":\"https:\/\/meero.ee\/m\/\",\"name\":\"meero\",\"description\":\"Meero Muusik\",\"potentialAction\":[{\"@type\":\"SearchAction\",\"target\":{\"@type\":\"EntryPoint\",\"urlTemplate\":\"https:\/\/meero.ee\/m\/?s={search_term_string}\"},\"query-input\":\"required name=search_term_string\"}],\"inLanguage\":\"et\"},{\"@type\":\"ImageObject\",\"@id\":\"https:\/\/meero.ee\/m\/toode\/ahoi-me-joonistame-laulu-laulik-cdga\/#primaryimage\",\"inLanguage\":\"et\",\"url\":\"https:\/\/meero.ee\/m\/wp-content\/uploads\/2021\/09\/Ahoi-me-joonistame-laulu-low.jpg\",\"contentUrl\":\"https:\/\/meero.ee\/m\/wp-content\/uploads\/2021\/09\/Ahoi-me-joonistame-laulu-low.jpg\",\"width\":800,\"height\":600},{\"@type\":\"WebPage\",\"@id\":\"https:\/\/meero.ee\/m\/toode\/ahoi-me-joonistame-laulu-laulik-cdga\/#webpage\",\"url\":\"https:\/\/meero.ee\/m\/toode\/ahoi-me-joonistame-laulu-laulik-cdga\/\",\"name\":\"\\\"Ahoi, me joonistame laulu!\\\" laulik CD\\u00b4ga - meero\",\"isPartOf\":{\"@id\":\"https:\/\/meero.ee\/m\/#website\"},\"primaryImageOfPage\":{\"@id\":\"https:\/\/meero.ee\/m\/toode\/ahoi-me-joonistame-laulu-laulik-cdga\/#primaryimage\"},\"datePublished\":\"2021-09-22T08:25:35+00:00\",\"dateModified\":\"2023-01-03T12:05:22+00:00\",\"breadcrumb\":{\"@id\":\"https:\/\/meero.ee\/m\/toode\/ahoi-me-joonistame-laulu-laulik-cdga\/#breadcrumb\"},\"inLanguage\":\"et\",\"potentialAction\":[{\"@type\":\"ReadAction\",\"target\":[\"https:\/\/meero.ee\/m\/toode\/ahoi-me-joonistame-laulu-laulik-cdga\/\"]}]},{\"@type\":\"BreadcrumbList\",\"@id\":\"https:\/\/meero.ee\/m\/toode\/ahoi-me-joonistame-laulu-laulik-cdga\/#breadcrumb\",\"itemListElement\":[{\"@type\":\"ListItem\",\"position\":1,\"name\":\"Home\",\"item\":\"https:\/\/meero.ee\/m\/\"},{\"@type\":\"ListItem\",\"position\":2,\"name\":\"Products\",\"item\":\"https:\/\/meero.ee\/m\/shop\/\"},{\"@type\":\"ListItem\",\"position\":3,\"name\":\"&#8220;Ahoi, me joonistame laulu!&#8221; laulik CD\\u00b4ga\"}]}]}<\/script>\n<!-- \/ Yoast SEO plugin. -->","yoast_head_json":{"title":"\"Ahoi, me joonistame laulu!\" laulik CD\u00b4ga - meero","robots":{"index":"index","follow":"follow","max-snippet":"max-snippet:-1","max-image-preview":"max-image-preview:large","max-video-preview":"max-video-preview:-1"},"canonical":"https:\/\/meero.ee\/m\/toode\/ahoi-me-joonistame-laulu-laulik-cdga\/","og_locale":"et_EE","og_type":"article","og_title":"\"Ahoi, me joonistame laulu!\" laulik CD\u00b4ga - meero","og_description":"Laulujoonistamise meetod toetamas l\u00f5imitud \u00f5ppimist ja suhtlemist LAULUJOONISTAMINE on multisensoorne tegutsemisviis, kus joonistused s\u00fcnnivad lauldes ja laulu toel otsekui v\u00f5luv\u00e4el. Meetod toetab eri vanuses ja erinevate oskustega laste \u00f5ppimist ning pakub osalemiskogemust ja eduelamusi. Lisaks laulmisele ja joonistamisele kutsub see keskenduma, suhtlema ja vestlema ning koos tegutsema. Laulujoonistamine on sobiv t\u00f6\u00f6riist ka eri\u00f5ppes ja rehabilitatsioonis. [&hellip;]","og_url":"https:\/\/meero.ee\/m\/toode\/ahoi-me-joonistame-laulu-laulik-cdga\/","og_site_name":"meero","article_modified_time":"2023-01-03T12:05:22+00:00","og_image":[{"width":800,"height":600,"url":"https:\/\/meero.ee\/m\/wp-content\/uploads\/2021\/09\/Ahoi-me-joonistame-laulu-low.jpg","type":"image\/jpeg"}],"twitter_card":"summary_large_image","twitter_misc":{"Est. reading time":"1 minut"},"schema":{"@context":"https:\/\/schema.org","@graph":[{"@type":"WebSite","@id":"https:\/\/meero.ee\/m\/#website","url":"https:\/\/meero.ee\/m\/","name":"meero","description":"Meero Muusik","potentialAction":[{"@type":"SearchAction","target":{"@type":"EntryPoint","urlTemplate":"https:\/\/meero.ee\/m\/?s={search_term_string}"},"query-input":"required name=search_term_string"}],"inLanguage":"et"},{"@type":"ImageObject","@id":"https:\/\/meero.ee\/m\/toode\/ahoi-me-joonistame-laulu-laulik-cdga\/#primaryimage","inLanguage":"et","url":"https:\/\/meero.ee\/m\/wp-content\/uploads\/2021\/09\/Ahoi-me-joonistame-laulu-low.jpg","contentUrl":"https:\/\/meero.ee\/m\/wp-content\/uploads\/2021\/09\/Ahoi-me-joonistame-laulu-low.jpg","width":800,"height":600},{"@type":"WebPage","@id":"https:\/\/meero.ee\/m\/toode\/ahoi-me-joonistame-laulu-laulik-cdga\/#webpage","url":"https:\/\/meero.ee\/m\/toode\/ahoi-me-joonistame-laulu-laulik-cdga\/","name":"\"Ahoi, me joonistame laulu!\" laulik CD\u00b4ga - meero","isPartOf":{"@id":"https:\/\/meero.ee\/m\/#website"},"primaryImageOfPage":{"@id":"https:\/\/meero.ee\/m\/toode\/ahoi-me-joonistame-laulu-laulik-cdga\/#primaryimage"},"datePublished":"2021-09-22T08:25:35+00:00","dateModified":"2023-01-03T12:05:22+00:00","breadcrumb":{"@id":"https:\/\/meero.ee\/m\/toode\/ahoi-me-joonistame-laulu-laulik-cdga\/#breadcrumb"},"inLanguage":"et","potentialAction":[{"@type":"ReadAction","target":["https:\/\/meero.ee\/m\/toode\/ahoi-me-joonistame-laulu-laulik-cdga\/"]}]},{"@type":"BreadcrumbList","@id":"https:\/\/meero.ee\/m\/toode\/ahoi-me-joonistame-laulu-laulik-cdga\/#breadcrumb","itemListElement":[{"@type":"ListItem","position":1,"name":"Home","item":"https:\/\/meero.ee\/m\/"},{"@type":"ListItem","position":2,"name":"Products","item":"https:\/\/meero.ee\/m\/shop\/"},{"@type":"ListItem","position":3,"name":"&#8220;Ahoi, me joonistame laulu!&#8221; laulik CD\u00b4ga"}]}]}},"_links":{"self":[{"href":"https:\/\/meero.ee\/m\/wp-json\/wp\/v2\/product\/1434","targetHints":{"allow":["GET"]}}],"collection":[{"href":"https:\/\/meero.ee\/m\/wp-json\/wp\/v2\/product"}],"about":[{"href":"https:\/\/meero.ee\/m\/wp-json\/wp\/v2\/types\/product"}],"wp:featuredmedia":[{"embeddable":true,"href":"https:\/\/meero.ee\/m\/wp-json\/wp\/v2\/media\/1435"}],"wp:attachment":[{"href":"https:\/\/meero.ee\/m\/wp-json\/wp\/v2\/media?parent=1434"}],"wp:term":[{"taxonomy":"product_cat","embeddable":true,"href":"https:\/\/meero.ee\/m\/wp-json\/wp\/v2\/product_cat?post=1434"},{"taxonomy":"product_tag","embeddable":true,"href":"https:\/\/meero.ee\/m\/wp-json\/wp\/v2\/product_tag?post=1434"}],"curies":[{"name":"wp","href":"https:\/\/api.w.org\/{rel}","templated":true}]}}