{"id":512,"date":"2021-06-15T07:48:46","date_gmt":"2021-06-15T07:48:46","guid":{"rendered":"https:\/\/meero.ee\/m\/?page_id=512"},"modified":"2025-06-21T12:00:05","modified_gmt":"2025-06-21T12:00:05","slug":"lepingu-tingimused","status":"publish","type":"page","link":"https:\/\/meero.ee\/m\/lepingu-tingimused\/","title":{"rendered":"Leping"},"content":{"rendered":"\n<h2 class=\"wp-block-heading has-text-align-center\" id=\"lepingu-uldtingimused\"><strong>LEPINGU \u00dcLDTINGIMUSED<\/strong><\/h2>\n\n\n\n<h3 class=\"wp-block-heading has-text-align-center\" id=\"alates-oppeaastast-2021-2022\">\u00f5ppeaasta 2025\/2026<\/h3>\n\n\n\n<hr class=\"wp-block-separator has-css-opacity is-style-wide\"\/>\n\n\n\n<ol class=\"wp-block-list\">\n<li><strong>\u00dcLDS\u00c4TTED<\/strong><br>1.1. M\u00f5isted<br>Avaldus Kodulehek\u00fcljel Kliendi poolt t\u00e4idetud ja koos \u00dcldtingimustega kinnitatud \u00d5pilase Kooli registreerimise avaldus<\/li>\n<\/ol>\n\n\n\n<p><strong>Individuaaltund<\/strong> Kliendi poolt \u00d5pilasele valitud eriala v\u00f5i r\u00fchma tund, kus \u00f5petatakse \u00f5pilast individuaalselt.<\/p>\n\n\n\n<p><strong>Isikuandmed<\/strong> Kooli valduses olevad \u00d5pilase ja Kliendi isikuandmed, sh \u00d5pilase ja Kliendi nimi, isikukood, s\u00fcnniaeg ja kontaktandmed<\/p>\n\n\n\n<p><strong>Klient<\/strong> \u00d5pilase osas Lepingu s\u00f5lminud isik<br><strong>Kodulehek\u00fclg<\/strong> Kooli veebilehek\u00fclg aadressil www.meero.ee<br><strong>Kool <\/strong>MT\u00dc Avasta Anded, registrikood 80199027, aadress K\u00e4o 74, Tallinna linn, Harju maakond, 11317 all tegutsev erahuvialakool Meero Muusik<\/p>\n\n\n\n<p><strong>Leping<\/strong> Avaldus ja k\u00e4esolevad \u00dcldtingimused<br><strong>Pool<\/strong> Kool v\u00f5i Klient<br><strong>R\u00fchm<\/strong> Kliendi poolt \u00d5pilasele valitud eriala v\u00f5i r\u00fchma tund, kus osaleb mitu \u00f5pilast<\/p>\n\n\n\n<p><strong>Tund<\/strong> \u00d5ppekava ja Tunniplaani j\u00e4rgne \u00f5ppetund kestusega 30 kuni 45 minutit<\/p>\n\n\n\n<p><strong>Tunniplaan<\/strong> Kodulehek\u00fcljel avaldatud Kooli tunniplaan<br><strong>\u00d5petaja<\/strong> Tundi l\u00e4biviiv \u00f5petaja v\u00f5i teda asendav isik<br><strong>\u00d5pilane<\/strong> Lepingu alusel Kooli vastu v\u00f5etud \u00f5pilane<br><strong>\u00d5ppeaasta<\/strong> I ja II \u00f5ppeperiood koos<br><strong>\u00d5ppekava<\/strong> Eesti Haridus- ja Info s\u00fcsteemis (EHIS) kinnitatud \u00f5ppekava<br><strong>\u00d5ppemaks<\/strong> R\u00fchma v\u00f5i Individuaaltunni tasu, mis \u00d5ppeperioodi kestel ei muutu<br><strong>\u00d5ppeperiood<\/strong> I \u00f5ppeperiood ehk s\u00fcgisperiood, mis algab septembris ja l\u00f5peb detsembris (15 \u00f5ppen\u00e4dalat) ja II \u00f5ppeperiood ehk kevadperiood, mis algab jaanuaris ja l\u00f5peb vastavalt \u00d5ppekavale, kas mais, eelkooliealistel ja v\u00e4ikelaste r\u00fchmadel (19 \u00f5ppen\u00e4dalat) v\u00f5i juunis, kooliealistel \u00f5pilastel (21 \u00f5ppen\u00e4dalat)<\/p>\n\n\n\n<p><strong>\u00dcldtingimused <\/strong>K\u00e4esolevad \u00fcldtingimused<\/p>\n\n\n\n<p><br>1.2. \u00dcldtingimuste punktis 1.1 m\u00e4\u00e4ratletud m\u00f5isted omavad samas kontekstis sama<br>t\u00e4hendust ka teistes Poolte vahel kasutatavates muudes dokumentides, kui<br>neid ei ole vastavas dokumendis m\u00e4\u00e4ratletud teisiti, s.h v\u00f5ivad ainsuses olevad<br>s\u00f5nad olenevalt kontekstist t\u00e4hendada ka mitmust ja vastupidi.<\/p>\n\n\n\n<ol class=\"wp-block-list\"><\/ol>\n\n\n\n<p>1.3. \u00dcldtingimused kohalduvad Kooli ja Kliendi vahelisest \u00f5igussuhetest tulenevate<br>\u00f5iguste ja kohustuste m\u00e4\u00e4ratlemisel ja moodustavad Lepingu lahutamatu osa.<br>1.4. \u00dcldtingimustes ja Lepingus reguleerimata k\u00fcsimuste lahendamisel juhinduvad<br>Pooled Eesti Vabariigi \u00f5igusaktidest.<br>1.5. Juhul kui Lepingus v\u00f5i \u00dcldtingimustes on vastuolu, kohaldub eelk\u00f5ige Leping.<\/p>\n\n\n\n<ol start=\"2\" class=\"wp-block-list\">\n<li><strong>LEPINGU S\u00d5LMIMINE JA \u00d5PILASE VASTUV\u00d5TMINE KOOLI<\/strong><br>2.1. Kooli poolt Kliendile\/\u00d5pilasele pakutavaga ja vastavalt kohalduvate<br>tingimustega saab tutvuda Kodulehel.<br>2.2. \u00d5pilase Kooli vastuv\u00f5tmiseks s\u00f5lmib Klient Lepingu. Lepingu s\u00f5lmimine toimub<br>Kodulehek\u00fcljel, kus Klient t\u00e4idab Avalduse, tutvub \u00dcldtingimustega, kinnitab<br>registreerimise ja tasub registreerimismaksu. Registreerimisel saab \u00d5pilane<br>tunnuskoodi (kooli ID), mis on \u00fchtlasi Lepingu numbriks. Avaldus esitatakse<br>kogu algava (v\u00f5i k\u00e4imasoleva) \u00d5ppeaasta kohta. Avalduses tuleb m\u00e4rkida<br>v\u00e4hemalt j\u00e4rgnev: Kliendi ja \u00d5pilase ees- ja perekonnanimi, isikukood, telefoni<br>number ja e-posti aadress, soovitud R\u00fchm\/Individuaaltund. Registreerimismaks<br>arvestatakse ettemaksuna ja tasaarvestatakse tasumisele kuuluvast<br>\u00d5ppemaksust.<br>2.3. Avalduse saab Klient esitada igal ajal, kuid \u00d5ppeaasta kestel v\u00f5etakse \u00d5pilane<br>Kooli vastu vaid juhul, kui Koolil on Kliendi poolt \u00d5pilasele soovitud koht<br>olemas.\u00a0\u00d5ppemaksu arvestatakse t\u00e4iskuu p\u00f5hiselt.<br>2.4. Leping loetakse Poolte vahel s\u00f5lmituks ja \u00d5pilane Kooli vastuv\u00f5etuks, kui<br>\u00d5pilase registreerimistasu on tasutud.<br>2.5. Koolil on septembrikuu l\u00f5puni \u00fchepoolne \u00f5igus keelduda ja taganeda Lepingu<br>s\u00f5lmimisest. Koolil on \u00f5igus keelduda Lepingu s\u00f5lmimisest eelk\u00f5ige juhul, kui<br>Koolil ei ole \u00d5pilasele vaba kohta v\u00f5i juhul, kui Kliendil on Kooli ees varasem<br>tasumata v\u00f5lgnevus v\u00f5i Kliendi varasem v\u00f5lgnevus oli korduv ja pikaajaline,<br>millest tulenevalt on Koolil p\u00f5hjust arvata, et Klient ei t\u00e4idaks ka uut Lepingut<br>korrektselt. Juhul kui Kool keeldub Lepingu s\u00f5lmimisest, teavitab ta sellest<br>Klienti ja tagastab Kliendi poolt Avalduse esitamisel tasutud<br>registreerimismaksu, kui kliendil ei ole eelnevaid v\u00f5lgnevusi.<\/li>\n\n\n\n<li><strong>\u00d5PPET\u00d6\u00d6 KORRALDUS<\/strong><br>3.1. \u00d5ppet\u00f6\u00f6 korraldab Kool vastavalt Kooli p\u00f5hikirjale, kohalduvale<br>seadusandlusele ja \u00d5ppekavale. Eeltoodust l\u00e4htudes plaanib ja kinnitab Kool<br>R\u00fchmad, Tunniplaanid ja \u00d5ppemaksu ning avaldab need Kodulehek\u00fcljel.<br>3.2. Kodulehek\u00fcljel avaldatud R\u00fchmad, Tunniplaan ja \u00d5ppemaks kehtivad kogu<br>\u00d5ppeperioodi kohta.<br>3.3. \u00d5ppet\u00f6\u00f6 maht on \u00d5ppekavas n\u00e4idatud Tundide arv \u00d5ppeaasta kohta. Kool<br>korraldab \u00d5ppet\u00f6\u00f6 vastavalt \u00d5ppekavale.<br>3.4. Tunnid toimuvad Tunniplaani alusel, s.o Tunniplaanis m\u00e4rgitud p\u00e4eval ajal ja<br>kohas.<br>3.5. Tunde ei toimu \u00fcldhariduskoolide koolivaheaegadel ja riiklikel p\u00fchadel<br>3.6. Koolil puudub kohustus asendada Tund, millest \u00d5pilane puudus.<br>3.7. Kool asendab \u00d5petaja poolt \u00e4ra j\u00e4etud Tunni esimesel v\u00f5imalusel, kuid<br>hiljemalt 1\u00a0(\u00fche) kuu jooksul alates \u00e4ra j\u00e4\u00e4nud Tunni kuup\u00e4evast.<br>3.8. Juhul kui Eesti Vabariigis kehtestatakse eriolukord, j\u00e4tkub \u00f5ppet\u00f6\u00f6 kaug\u00f5ppe<br>vormis.<\/li>\n\n\n\n<li><strong>\u00d5PPEMAKS JA \u00d5PPEMAKSU TASUMINE<\/strong><br>4.1. \u00d5ppemaks kajastub Kodulehek\u00fcljel ja on arvestatud vastavalt \u00fche<br>\u00d5ppeperioodi v\u00f5i kuup\u00f5hise tasuna.<br>4.2. Klient tasub \u00d5ppemaksu Kooli poolt Kliendile e-posti teel esitatud arve alusel,<br>arvel n\u00e4idatud summas, viitenumbril ja t\u00e4htajaks. \u00d5ppemaks loetakse Kliendi<br>poolt tasutuks p\u00e4eval, mil \u00d5ppemaks on Kooli arveldusarvele tervikuna<br>laekunud.<br>4.3. Kliendil on v\u00f5imalik \u00d5ppemaksu tasuda osade kaupa Kooli eelneval n\u00f5usolekul<br>ja Poolte vastavasisulisel kokkuleppel, kokkuleppes m\u00e4\u00e4ratud alustel ja korras.<br>\u00d5ppemaksu osade kaupa tasumine ei vabasta Klienti kohustusest<br>\u00d5ppemaks tasuda ka juhul, kui \u00d5pilane ei osale kontakt-, juhitud<br>distants\u00f5ppe v\u00f5i video Tunnis v\u00f5i on Koolist lahkunud enne<br>\u00d5ppeperioodi l\u00f5ppemist.<br>4.4. Kliendil on v\u00f5imalik 1 kuu etteteatamisel huvikoolist lahkuda ainult v\u00e4ikelaste<br>ehk. ema-lapse r\u00fchmadest ( 3 kuud- 2 aastat)<br>4.5. Juhul kui Koolis k\u00e4ib \u00fchest perest 2 (kaks) v\u00f5i enam \u00d5pilast r\u00fchma\u00f5ppes on<br>Kliendil \u00f5igus \u00d5ppeperioodi v\u00f5i kalendrikuu \u00d5ppemaksu osas 10% (k\u00fcmne<br>protsendilisele) soodustustele teise ja enama \u00d5pilase kohta. Soodustuse<br>saamiseks esitab Klient Koolile vastavasisulise sooviavalduse hiljemalt 1 (\u00fche)<br>kuu jooksul alates pere teise ja\/ v\u00f5i enama \u00d5pilase osas Avalduse esitamisest.<br>Soodustus ei laiene individuaal\u00f5ppele.<br>4.6. Kliendil on \u00f5igus saada tagasi v\u00f5i tasaarvestada Kooliga 50% (viisk\u00fcmmend<br>protsenti) 1 (\u00fche) kalendrikuu osas tasutud \u00d5ppemaksust juhul, kui \u00d5pilane<br>puudus haigestumise t\u00f5ttu k\u00f5ikidest vastaval kalendrikuul toimunud Tundidest.<br>Tagasimakse saamiseks esitab Klient Koolile vastavasisulise sooviavalduse<br>hiljemalt 1 (\u00fche) kuu jooksul alates \u00d5pilase tervenemisest.<br>4.7. Juhul kui Klient viivitab Kooli poolt tasumiseks esitatud arve tasumisega \u00fcle<br>arvel m\u00e4rgitud t\u00e4htaja, kohustub Klient maksma tasumata arve summalt viivist<br>0,1% (null koma \u00fcks protsenti) p\u00e4evas, alates arve tasumise t\u00e4htajale<br>j\u00e4rgnevast p\u00e4evast kuni vastava arve tervikliku tasumise kuup\u00e4evani.<\/li>\n\n\n\n<li><strong>POOLTE JA \u00d5PILASE \u00d5IGUSED JA KOHUSTUSED<\/strong><br>5.1. Poolte peamised \u00f5igused ja kohustused on s\u00e4testatud Lepingus ja<br>\u00dcldtingimustes. Eeltoodule lisaks on Pooltel k\u00f5ik Kooli p\u00f5hikirjas ja Lepingule<br>kohalduvates \u00f5igusaktides s\u00e4testatud \u00f5igused ja kohustused.\u00a0<br>5.2. Pooled kohustuvad:<br>5.2.1. esitama ja vahendama teineteisele viivitamata Lepingu t\u00e4itmist puudutavat<br>olulist informatsiooni, s.h eelk\u00f5ige informatsiooni, mis puudutab \u00d5pilase Tunnis<br>osalemist, Poole poolset takistust Lepingu t\u00e4itmisel v\u00f5i muud teisele Poolele<br>eelduslikku t\u00e4htsust omavat asjaolu;<br>5.2.2. tagama omalt poolt Lepingus esitatud andmete \u00f5igsuse ja teavitama teist Poolt<br>viivitamata, kui tema nimi v\u00f5i kontaktandmed on muutunud ja vastavalt uued<br>kehtivad andmed esitama;<br>5.2.3. andma \u00d5pilasele \u00fclevaate Koolis kehtivatest eeskirjadest ja korrast ning<br>selgitama nende t\u00e4itmise vajadust.<br>5.3. \u00d5pilasel on \u00f5igus:<br>5.3.1. osaleda Tundides vastavalt Kliendiga s\u00f5lmitud Lepingule;<\/li>\n<\/ol>\n\n\n\n<p>5.3.2. tutvuda \u00d5ppekavaga ja Tunniplaaniga ning muu teda puudutava ja tema poolt<br>soovitava infoga Kooli, R\u00fchma v\u00f5i Tunni osas;<br>5.3.3. teha Koolile ettepanekuid v\u00f5i esitada pretensioone Tunni korraldamise, Lepingu<br>t\u00e4itmise jms osas.<br>5.4. \u00d5pilane kohustub j\u00e4rgima Koolis kehtivaid eeskirju ja korda ning k\u00e4ituma viisil,<br>mis on m\u00f5istlik, vastavuses eetiliste t\u00f5ekspidamistega v\u00f5i hea tavaga ja<br>\u00d5petajaid ja teisi \u00f5pilasi arvestav.<\/p>\n\n\n\n<ol start=\"6\" class=\"wp-block-list\">\n<li><strong>TEATED<\/strong><br>6.1. Pooled edastavad Lepinguga seonduvat teavet (seejuures eelk\u00f5ige Poolte<br>vastutust, Lepingu rikkumist v\u00f5i \u00fcles\u00fctlemist puudutavat teavet) e-posti teel.<br>6.2. Kooli e-posti aadressiks on muusik@meero.ee. Kliendi ja\/v\u00f5i \u00d5pilase e-posti<br>aadressiks on Avalduses m\u00e4rgitud e-posti aadress.<br>6.3. Pool on kohustatud teatama teisele Poolele oma kontaktandmete ja\/v\u00f5i<br>mistahes aadressi muutumisest viivitamatult.<\/li>\n\n\n\n<li><strong>\u00dcLDTINGIMUSTE KEHTIVUS JA MUUTMINE<\/strong><br>7.1. \u00dcldtingimused kehtivad \u00dcldtingimuste p\u00e4ises m\u00e4rgitud \u00d5ppeaasta kohta ja<br>moodustavad Lepingu lahutamatu osa.<br>7.2. Koolil on \u00f5igus \u00fchepoolselt muuta \u00dcldtingimusi, teavitades \u00dcldtingimuste<br>muutmisest Klienti v\u00e4hemalt 1 (\u00fcks) kuu ette. Juhul kui Klient ei n\u00f5ustu<br>muudetud \u00dcldtingimustega, on Kliendil \u00f5igus \u00f6elda Leping enne muudatuse<br>j\u00f5ustumist erakorraliselt \u00fcles. Kui Klient ei ole nimetatud ajaks Lepingut \u00fcles<br>\u00f6elnud, loetakse Klient \u00dcldtingimuste muudatusega n\u00f5ustunuks.<\/li>\n\n\n\n<li><strong>LEPINGU L\u00d5PPEMINE JA \u00d5PILASE V\u00c4LJA ARVAMINE KOOLIST<\/strong><br>8.1. Leping l\u00f5ppeb \u00d5ppeaasta l\u00f5ppemisel v\u00f5i Lepingus s\u00e4testatud muul alusel ning<br>\u00d5pilane arvatakse Koolist v\u00e4lja.<br>8.2. Pooltel on \u00f5igus l\u00f5petada Leping ennet\u00e4htaegselt Poolte kokkuleppel.<br>8.3. Koolil on \u00f5igus \u00f6elda Leping \u00fchepoolselt ennet\u00e4htaegselt ja ilma eelneva<br>etteteatamiseta \u00fcles juhul, kui Klient on viivituses \u00d5ppemaksu v\u00f5i selle osa<br>tasumisega rohkem kui 30 (kolmk\u00fcmmend) kalendrip\u00e4eva v\u00f5i, kui \u00d5pilane rikub<br>korduvalt \u00dcldtingimuste punktis 5.4 s\u00e4testatud \u00d5pilase kohustusi ja Kool on<br>Klienti sellest teavitanud ning p\u00fc\u00fcdnud Kliendiga \u00d5pilase k\u00e4itumist arutada,<br>kuid sellele vaatamata on \u00d5pilane pannud toime uue rikkumise.<br>8.4. Kliendil on \u00f5igus \u00f6elda Leping \u00fchepoolselt ennet\u00e4htaegselt \u00fcles vaid j\u00e4rgneva<br>\u00d5ppeperioodi osas, teavitades Kooli oma Lepingu \u00fcles\u00fctlemise soovist<br>kirjalikult v\u00e4hemalt 30 (kolmk\u00fcmmend) p\u00e4eva ette. Selguse huvides olgu<br>siinkohal t\u00e4psustatud, et Kliendil ei ole \u00f5igust \u00f6elda Lepingut \u00fcles kehtiva\/<br>k\u00e4imasoleva \u00d5ppeperioodi osas. Erandina eeltoodust on Kliendil \u00f5igus \u00f6elda<br>\u00fcles Leping, mis on s\u00f5lmitud v\u00e4ikelaste r\u00fchmade osas, teavitades Kooli oma<br>Lepingu \u00fcles\u00fctlemise soovist kirjalikult v\u00e4hemalt 30 (kolmk\u00fcmmend) p\u00e4eva ette.<br>8.5. Klient ei vabane \u00d5ppemaksu tasumise kohustusest ja\/ v\u00f5i Kool ei kohustu<br>tasutud \u00d5ppemaksu tagastama, kui Klient \u00fctleb Lepingu \u00fcles vastuolus<br>\u00dcldtingimuste punktiga 8.2 v\u00f5i 8.4.<\/li>\n\n\n\n<li><strong>ANDMET\u00d6\u00d6TLUSLEPING<\/strong><br>9.1. Lepingu t\u00e4itmisel t\u00f6\u00f6tleb Kool Kliendi ja \u00d5pilase (\u201eAndmesubjekt\u201c)<br>Isikuandmeid.<br>9.2. Kooli poolt t\u00f6\u00f6deldavad Isikuandmed v\u00f5ivad muuhulgas sisaldada j\u00e4rgnevat:<br>isiklikke andmeid, kontaktandmeid, makseandmeid, finantsandmeid, isikut<br>t\u00f5endava dokumendi andmed.<br>9.3. Kool t\u00f6\u00f6tleb Kliendi Isikuandmeid vastutava t\u00f6\u00f6tlejana. \u00d5pilase Isikuandmeid<br>t\u00f6\u00f6tleb Kool Kliendi volitatud t\u00f6\u00f6tlejana.<br>9.4. \u00d5pilase Isikuandmeid t\u00f6\u00f6tleb Kool volitatud t\u00f6\u00f6tlejana Lepingu punktis 9.1<br>s\u00e4testatud eesm\u00e4rgil, mida Pooled loevad isikuandmete vastutava t\u00f6\u00f6tleja<br>kirjalikuks juhiseks volitatud t\u00f6\u00f6tlejale.<br>9.5. Lepingu allkirjastamisega kinnitab Klient, et tal on olemas \u00f5iguslik alus \u00d5pilase<br>Isikuandmete t\u00f6\u00f6tlemiseks, sh edastamiseks Koolile Lepingus s\u00e4testatud<br>eesm\u00e4rgi t\u00e4itmiseks. Klient on vastutav \u00d5pilase Isikuandmete \u00f5igsuse ja<br>terviklikkuse eest.<br>9.6. Kliendi Isikuandmeid t\u00f6\u00f6tleb Kool vastutava t\u00f6\u00f6tlejana Lepingu t\u00e4itmise<br>eesm\u00e4rgil.<br>9.7. Koolil on \u00f5igus Isikuandmeid edastada avalikku v\u00f5imu teostavatele asutustele<br>(nt\u00a0MTA). Teistele isikutele (nt EHIS) v\u00f5ib Kool Isikuandmeid avaldada vaid<br>juhul, kui edastamise \u00f5igus tuleneb \u00f5igusaktidest v\u00f5i Lepingust. Lepingust<br>tuleneva Isikuandmete edastamise puhul v\u00f5ib Kool edastada Isikuandmeid<br>Kooli allt\u00f6\u00f6v\u00f5tjale (\u00f5petamisteenuse pakkujale).<br>9.8. Kool v\u00f5ib Isikuandmete t\u00f6\u00f6tlemiseks kasutada allt\u00f6\u00f6v\u00f5tjaid j\u00e4rgides<br>isikuandmete kaitse \u00fcldm\u00e4\u00e4ruse artikli 28 l\u00f5igetes 2 ja 4 toodud tingimusi. Kool<br>vastutab tema poolt kaasatud allt\u00f6\u00f6v\u00f5tja tegevuse eest samal m\u00e4\u00e4ral nagu<br>enda tegevuse eest ning s\u00f5lmib kirjaliku lepingu iga allt\u00f6\u00f6v\u00f5tjaga, kes hakkab<br>t\u00f6\u00f6tlema Isikuandmeid.<br>9.9. Andmesubjekti taotlusele vastab \u00fcldjuhul Kool. Kui taotlus puudutab \u00d5pilase<br>Isikuandmeid, on vastamise kohustus Kliendil ja Kool edastab taotluse<br>vastamiseks Kliendile. Vastavalt t\u00f6\u00f6tlemise iseloomule aitab Kool v\u00f5imalusel<br>asjakohaste tehniliste ja organisatsiooniliste abin\u00f5udega, et Klient saaks t\u00e4ita<br>oma taotlusele vastamise kohustust.<br>9.10. J\u00e4relevalveasutuste p\u00e4ringule vastab Kool.<br>9.11. Kool s\u00e4ilitab Isikuandmeid nii kaua kui see on vajalik Lepingu t\u00e4itmiseks,<br>Lepingu alusel n\u00f5ude esitamiseks v\u00f5i n\u00f5udele vastamiseks ja \u00f5igusaktides<br>s\u00e4testatud kohustuse t\u00e4itmiseks.<br>9.12. Isikuandmete s\u00e4ilitamist\u00e4htaja m\u00f6\u00f6dumisel kustutab Kool vastavad<br>Isikuandmed j\u00e4\u00e4davalt.<br>9.13. Kumbki Pool vastutab k\u00e4esolevas andmet\u00f6\u00f6tluslepingus s\u00e4testatud n\u00f5uete<br>t\u00e4itmise eest. Pooled kohustuvad isikuandmete t\u00f6\u00f6tlemisel j\u00e4rgima Eestis<br>kehtivatest \u00f5igusaktidest, sh andmekaitse \u00fcldm\u00e4\u00e4rusest tulenevaid n\u00f5udeid.<\/li>\n\n\n\n<li><strong>L\u00d5PPS\u00c4TTED<\/strong><br>10.1. Lepingule kohaldatakse Eesti \u00f5igust.<br>10.2. Lepingust t\u00f5usetuvad erimeelsused lahendavad Pooled eelk\u00f5ige l\u00e4bir\u00e4\u00e4kimiste<br>teel. L\u00e4bir\u00e4\u00e4kimiste teel lahendamata vaidlused lahendatakse Harju<br>Maakohtus.<\/li>\n<\/ol>\n\n\n\n<p><\/p>\n\n\n\n<hr class=\"wp-block-separator has-css-opacity\"\/>\n\n\n\n<p><strong><mark style=\"background-color:rgba(0, 0, 0, 0)\" class=\"has-inline-color has-light-green-cyan-color\">Kinnitatud Kooli poolt 20. juunil 2025. a<\/mark><\/strong><\/p>\n","protected":false},"excerpt":{"rendered":"LEPINGU \u00dcLDTINGIMUSED \u00f5ppeaasta 2025\/2026 Individuaaltund Kliendi poolt \u00d5pilasele valitud eriala v\u00f5i r\u00fchma tund, kus \u00f5petatakse \u00f5pilast individuaalselt. Isikuandmed Kooli valduses olevad \u00d5pilase ja Kliendi isikuandmed, sh \u00d5pilase ja Kliendi nimi, isikukood, s\u00fcnniaeg ja kontaktandmed Klient \u00d5pilase osas Lepingu s\u00f5lminud isikKodulehek\u00fclg Kooli veebilehek\u00fclg aadressil www.meero.eeKool MT\u00dc Avasta Anded, registrikood 80199027, aadress K\u00e4o 74, Tallinna linn, Harju [&hellip;]","protected":false},"author":1,"featured_media":0,"parent":0,"menu_order":0,"comment_status":"closed","ping_status":"closed","template":"","meta":{"footnotes":""},"class_list":["post-512","page","type-page","status-publish","hentry"],"acf":[],"yoast_head":"<!-- This site is optimized with the Yoast SEO plugin v17.8 - https:\/\/yoast.com\/wordpress\/plugins\/seo\/ -->\n<title>Leping - meero<\/title>\n<meta name=\"robots\" content=\"index, follow, max-snippet:-1, max-image-preview:large, max-video-preview:-1\" \/>\n<link rel=\"canonical\" href=\"https:\/\/meero.ee\/m\/lepingu-tingimused\/\" \/>\n<meta property=\"og:locale\" content=\"et_EE\" \/>\n<meta property=\"og:type\" content=\"article\" \/>\n<meta property=\"og:title\" content=\"Leping - meero\" \/>\n<meta property=\"og:description\" content=\"LEPINGU \u00dcLDTINGIMUSED \u00f5ppeaasta 2025\/2026 Individuaaltund Kliendi poolt \u00d5pilasele valitud eriala v\u00f5i r\u00fchma tund, kus \u00f5petatakse \u00f5pilast individuaalselt. Isikuandmed Kooli valduses olevad \u00d5pilase ja Kliendi isikuandmed, sh \u00d5pilase ja Kliendi nimi, isikukood, s\u00fcnniaeg ja kontaktandmed Klient \u00d5pilase osas Lepingu s\u00f5lminud isikKodulehek\u00fclg Kooli veebilehek\u00fclg aadressil www.meero.eeKool MT\u00dc Avasta Anded, registrikood 80199027, aadress K\u00e4o 74, Tallinna linn, Harju [&hellip;]\" \/>\n<meta property=\"og:url\" content=\"https:\/\/meero.ee\/m\/lepingu-tingimused\/\" \/>\n<meta property=\"og:site_name\" content=\"meero\" \/>\n<meta property=\"article:modified_time\" content=\"2025-06-21T12:00:05+00:00\" \/>\n<meta name=\"twitter:card\" content=\"summary_large_image\" \/>\n<meta name=\"twitter:label1\" content=\"Est. reading time\" \/>\n\t<meta name=\"twitter:data1\" content=\"10 minutit\" \/>\n<script type=\"application\/ld+json\" class=\"yoast-schema-graph\">{\"@context\":\"https:\/\/schema.org\",\"@graph\":[{\"@type\":\"WebSite\",\"@id\":\"https:\/\/meero.ee\/m\/#website\",\"url\":\"https:\/\/meero.ee\/m\/\",\"name\":\"meero\",\"description\":\"Meero Muusik\",\"potentialAction\":[{\"@type\":\"SearchAction\",\"target\":{\"@type\":\"EntryPoint\",\"urlTemplate\":\"https:\/\/meero.ee\/m\/?s={search_term_string}\"},\"query-input\":\"required name=search_term_string\"}],\"inLanguage\":\"et\"},{\"@type\":\"WebPage\",\"@id\":\"https:\/\/meero.ee\/m\/lepingu-tingimused\/#webpage\",\"url\":\"https:\/\/meero.ee\/m\/lepingu-tingimused\/\",\"name\":\"Leping - meero\",\"isPartOf\":{\"@id\":\"https:\/\/meero.ee\/m\/#website\"},\"datePublished\":\"2021-06-15T07:48:46+00:00\",\"dateModified\":\"2025-06-21T12:00:05+00:00\",\"breadcrumb\":{\"@id\":\"https:\/\/meero.ee\/m\/lepingu-tingimused\/#breadcrumb\"},\"inLanguage\":\"et\",\"potentialAction\":[{\"@type\":\"ReadAction\",\"target\":[\"https:\/\/meero.ee\/m\/lepingu-tingimused\/\"]}]},{\"@type\":\"BreadcrumbList\",\"@id\":\"https:\/\/meero.ee\/m\/lepingu-tingimused\/#breadcrumb\",\"itemListElement\":[{\"@type\":\"ListItem\",\"position\":1,\"name\":\"Home\",\"item\":\"https:\/\/meero.ee\/m\/\"},{\"@type\":\"ListItem\",\"position\":2,\"name\":\"Leping\"}]}]}<\/script>\n<!-- \/ Yoast SEO plugin. -->","yoast_head_json":{"title":"Leping - meero","robots":{"index":"index","follow":"follow","max-snippet":"max-snippet:-1","max-image-preview":"max-image-preview:large","max-video-preview":"max-video-preview:-1"},"canonical":"https:\/\/meero.ee\/m\/lepingu-tingimused\/","og_locale":"et_EE","og_type":"article","og_title":"Leping - meero","og_description":"LEPINGU \u00dcLDTINGIMUSED \u00f5ppeaasta 2025\/2026 Individuaaltund Kliendi poolt \u00d5pilasele valitud eriala v\u00f5i r\u00fchma tund, kus \u00f5petatakse \u00f5pilast individuaalselt. Isikuandmed Kooli valduses olevad \u00d5pilase ja Kliendi isikuandmed, sh \u00d5pilase ja Kliendi nimi, isikukood, s\u00fcnniaeg ja kontaktandmed Klient \u00d5pilase osas Lepingu s\u00f5lminud isikKodulehek\u00fclg Kooli veebilehek\u00fclg aadressil www.meero.eeKool MT\u00dc Avasta Anded, registrikood 80199027, aadress K\u00e4o 74, Tallinna linn, Harju [&hellip;]","og_url":"https:\/\/meero.ee\/m\/lepingu-tingimused\/","og_site_name":"meero","article_modified_time":"2025-06-21T12:00:05+00:00","twitter_card":"summary_large_image","twitter_misc":{"Est. reading time":"10 minutit"},"schema":{"@context":"https:\/\/schema.org","@graph":[{"@type":"WebSite","@id":"https:\/\/meero.ee\/m\/#website","url":"https:\/\/meero.ee\/m\/","name":"meero","description":"Meero Muusik","potentialAction":[{"@type":"SearchAction","target":{"@type":"EntryPoint","urlTemplate":"https:\/\/meero.ee\/m\/?s={search_term_string}"},"query-input":"required name=search_term_string"}],"inLanguage":"et"},{"@type":"WebPage","@id":"https:\/\/meero.ee\/m\/lepingu-tingimused\/#webpage","url":"https:\/\/meero.ee\/m\/lepingu-tingimused\/","name":"Leping - meero","isPartOf":{"@id":"https:\/\/meero.ee\/m\/#website"},"datePublished":"2021-06-15T07:48:46+00:00","dateModified":"2025-06-21T12:00:05+00:00","breadcrumb":{"@id":"https:\/\/meero.ee\/m\/lepingu-tingimused\/#breadcrumb"},"inLanguage":"et","potentialAction":[{"@type":"ReadAction","target":["https:\/\/meero.ee\/m\/lepingu-tingimused\/"]}]},{"@type":"BreadcrumbList","@id":"https:\/\/meero.ee\/m\/lepingu-tingimused\/#breadcrumb","itemListElement":[{"@type":"ListItem","position":1,"name":"Home","item":"https:\/\/meero.ee\/m\/"},{"@type":"ListItem","position":2,"name":"Leping"}]}]}},"_links":{"self":[{"href":"https:\/\/meero.ee\/m\/wp-json\/wp\/v2\/pages\/512","targetHints":{"allow":["GET"]}}],"collection":[{"href":"https:\/\/meero.ee\/m\/wp-json\/wp\/v2\/pages"}],"about":[{"href":"https:\/\/meero.ee\/m\/wp-json\/wp\/v2\/types\/page"}],"author":[{"embeddable":true,"href":"https:\/\/meero.ee\/m\/wp-json\/wp\/v2\/users\/1"}],"replies":[{"embeddable":true,"href":"https:\/\/meero.ee\/m\/wp-json\/wp\/v2\/comments?post=512"}],"version-history":[{"count":29,"href":"https:\/\/meero.ee\/m\/wp-json\/wp\/v2\/pages\/512\/revisions"}],"predecessor-version":[{"id":5983,"href":"https:\/\/meero.ee\/m\/wp-json\/wp\/v2\/pages\/512\/revisions\/5983"}],"wp:attachment":[{"href":"https:\/\/meero.ee\/m\/wp-json\/wp\/v2\/media?parent=512"}],"curies":[{"name":"wp","href":"https:\/\/api.w.org\/{rel}","templated":true}]}}