{"id":344,"date":"2021-03-16T09:35:52","date_gmt":"2021-03-16T09:35:52","guid":{"rendered":"https:\/\/demo.opus.ee\/projects\/meero\/meero-wp\/andmekaitsetingimused\/"},"modified":"2021-03-16T09:35:52","modified_gmt":"2021-03-16T09:35:52","slug":"andmekaitsetingimused","status":"publish","type":"page","link":"https:\/\/meero.ee\/m\/andmekaitsetingimused\/","title":{"rendered":"Andmekaitsereeglid"},"content":{"rendered":"\n<h2 class=\"wp-block-heading\">Kes me oleme?<\/h2>\n\n\n\n<p class=\"has-medium-font-size\">Erahuvialakooli Meero Muusik (edaspidi \u201e<strong>Huvialakool<\/strong>\u201c) peab MT\u00dc Avasta Anded, registrikood 80199027 (edaspidi \u201e<strong>Meie<\/strong>\u201c). Meie eesm\u00e4rgiks Huvialakooli pidamisel on tuua lapsed juba varajases eas muusika juurde, et arendada nende loovust. Meie soov on kaasa aidata laste ande avastamisele ning arendada lapsi muusikas, et neist kasvaksid muusikat armastavad ja m\u00f5istvad inimesed.<\/p>\n\n\n\n<p class=\"has-medium-font-size\">Huvialakooli pidamise k\u00e4igus me peame v\u00e4ltimatult t\u00f6\u00f6tlema isikuandmeid. Meie jaoks on oluline, et isikuandmete t\u00f6\u00f6tlemine oleks turvaline, l\u00e4bim\u00f5eldud ja rangelt eesm\u00e4rgip\u00e4rane.<\/p>\n\n\n\n<p class=\"has-medium-font-size\">K\u00e4esolevates Andmekaitsereeglites on kajastatud Meie p\u00f5him\u00f5tted isikuandmete t\u00f6\u00f6tlemisel ning sellega seotud kohustused, \u00f5igused ja vastutus. Meie asukoha aadress onToompuiestee 17a, Tallinn 10137, e-post:<a href=\"mailto:muusik@meero.ee\">muusik@meero.ee<\/a><\/p>\n\n\n\n<h2 class=\"wp-block-heading\">Mis on isikuandmed ja kuidas neid t\u00f6\u00f6tleme?<\/h2>\n\n\n\n<p class=\"has-medium-font-size\">Meie kliendiks on lapsevanem (edaspidi \u201e<strong>Klient<\/strong>\u201c), kellega Me s\u00f5lmimelepingu (edaspidi \u201e<strong>Leping<\/strong>\u201c) Huvialakooli vastu v\u00f5etud lapsele (edaspidi \u201e<strong>\u00d5pilane<\/strong>\u201c) huvihariduse pakkumiseks. Edaspidi Klient ja \u00d5pilane koos nimetatuna \u201e<strong>Teie<\/strong>\u201c.<\/p>\n\n\n\n<p class=\"has-medium-font-size\">Kliendi isikuandmeid Me t\u00f6\u00f6tlemevastutava t\u00f6\u00f6tlejana ja Kliendi isikuandmed Me saame otse Kliendiltkui Klient Meie poole p\u00f6\u00f6rdub (n\u00e4iteks Meie veebilehe kaudu) v\u00f5ik\u00fclastab Meie veebilehte(\u201ek\u00fcpsised\u201c). Vastutava t\u00f6\u00f6tlejana m\u00e4\u00e4rame Me isikuandmete t\u00f6\u00f6tlemise eesm\u00e4rgid ja vahendid ning tingimused. <\/p>\n\n\n\n<p class=\"has-medium-font-size\">\u00d5pilase isikuandmeid t\u00f6\u00f6tleme Me volitatud t\u00f6\u00f6tlejana. \u00d5pilase isikuandmed saame Me Kliendilt, kes on \u00d5pilase isikuandmete vastutav t\u00f6\u00f6tleja. Me t\u00f6\u00f6tleme \u00d5pilase isikuandmeid Lepingus s\u00e4testatud eesm\u00e4rgil, mis on isikuandmete vastutava t\u00f6\u00f6tleja kirjalik juhis volitatud t\u00f6\u00f6tlejale. <\/p>\n\n\n\n<p class=\"has-medium-font-size\">Muuhulgas t\u00f6\u00f6tleme j\u00e4rgmisi isikuandmeid:<\/p>\n\n\n\n<p class=\"has-medium-font-size\">(1)isiklikke andmeid, nt eesnimi, perekonnanimi, isikukood, s\u00fcnniaeg;<\/p>\n\n\n\n<p class=\"has-medium-font-size\">(2)kontaktandmeid, nt aadress, telefoninumber, e-posti aadress, suhtluskeel;<\/p>\n\n\n\n<p class=\"has-medium-font-size\">(3)makse-ja finantsandmeid, nt konto number, andmed valitud makseviisi ja maksek\u00e4itumise (sh makseviivituse) kohta; <\/p>\n\n\n\n<p class=\"has-medium-font-size\">(4)isikut t\u00f5endava dokumendi andmeid;<\/p>\n\n\n\n<p class=\"has-medium-font-size\">(5)suhtlusandmeid, nt e-posti vahendusel kogutavad andmed, sotsiaalmeedia vahendusel kogutavad andmed, s\u00f5numite teel edastatavad andmed.<\/p>\n\n\n\n<h2 class=\"wp-block-heading\">Mis eesm\u00e4rgil Me isikuandmeid t\u00f6\u00f6tleme?<\/h2>\n\n\n\n<p class=\"has-medium-font-size\">Me t\u00f6\u00f6tleme isikuandmeid j\u00e4rgnevatel eesm\u00e4rkidel:<\/p>\n\n\n\n<p class=\"has-medium-font-size\">(1)seoses teenuste osutamisegaja teenuste osutamise ettevalmistamisega (s.o lepingu t\u00e4itmiseks, sh lepingueelsetel\u00e4bir\u00e4\u00e4kimistepidamiseks);<\/p>\n\n\n\n<p class=\"has-medium-font-size\">(2)\u00f5igusaktidest tulenevate \u00f5iguste realiseerimiseks ja kohustuste t\u00e4itmiseks(nt raamatupidamiskohustuse t\u00e4itmiseks); <\/p>\n\n\n\n<p class=\"has-medium-font-size\">(3)veebip\u00e4ringuteja taotluste menetlemiseks;<\/p>\n\n\n\n<p class=\"has-medium-font-size\">(4)teadete edastamiseks.<\/p>\n\n\n\n<h2 class=\"wp-block-heading\">Millisel \u00f5iguslikul alusel me isikuandmeid t\u00f6\u00f6tleme?<\/h2>\n\n\n\n<p class=\"has-medium-font-size\">Me t\u00f6\u00f6tlemeisikuandmeid koosk\u00f5las Eestis kehtivate \u00f5igusaktide n\u00f5uetega. <\/p>\n\n\n\n<p class=\"has-medium-font-size\">Isikuandmete t\u00f6\u00f6tlemise \u00f5iguslikuks aluseks on peamiselt s\u00f5lmitud Lepingu t\u00e4itmine(Andmekaitsereeglite alapunkt (1)ja (3)), aga ka juriidilise kohustuse t\u00e4itmine (Andmekaitsereeglite alapunkt (2)), Teie n\u00f5usolek (Andmekaitsereeglitealapunkt (3)(3)jaMeie \u00f5igustatud huvi (Andmekaitsereeglite alapunkt (4)).<\/p>\n\n\n\n<h2 class=\"wp-block-heading\">Milliseid v\u00e4\u00e4rtuseid ja p\u00f5him\u00f5tteid me j\u00e4rgimeisikuandmete t\u00f6\u00f6tlemisel<\/h2>\n\n\n\n<p class=\"has-medium-font-size\">Meil on isikuandmete t\u00f6\u00f6tlemiseks alati olemas \u00f5iguslik alus, st Me t\u00f6\u00f6tlemeisikuandmeid seaduslikult.<\/p>\n\n\n\n<p class=\"has-medium-font-size\">Meil on isikuandmete t\u00f6\u00f6tlemiseks m\u00e4\u00e4ratud selged eesm\u00e4rgid ja Me t\u00f6\u00f6tlemeisikuandmeid ainult nendeleesm\u00e4rkidel. <\/p>\n\n\n\n<p class=\"has-medium-font-size\">Me j\u00e4rgime isikuandmete t\u00f6\u00f6tlemisel minimaalsuse p\u00f5him\u00f5tet, s.t t\u00f6\u00f6tleme ainult asjakohaseid ja vajalikke isikuandmeid.<\/p>\n\n\n\n<p class=\"has-medium-font-size\">Me anname endast parima, et isikuandmeid oleksid kaitstud.Rakendame isikuandmete kaitseks erinevaid meetmeid (f\u00fc\u00fcsilisi, tehnilisi, organisatoorseid).<\/p>\n\n\n\n<p class=\"has-medium-font-size\">Me edastameisikuandmeid ainult nendele isikutele, kellel on selleks seaduslik \u00f5igus (ametiasutused, j\u00e4relevalveasutused) v\u00f5i kellega oleme s\u00f5lminud andmet\u00f6\u00f6tluslepingu (Meie volitatud t\u00f6\u00f6tlejad).<\/p>\n\n\n\n<p class=\"has-medium-font-size\">Me s\u00e4ilitame isikuandmeid ainult nii kaua kuni s\u00e4ilitamine on n\u00f5utav \u00f5igusaktide v\u00f5i lepingu kohaselt v\u00f5i vajalik Meie \u00e4ritegevuseks. S\u00e4ilitamise l\u00f5petamisel kustutame isikuandmed j\u00e4\u00e4davalt.<\/p>\n\n\n\n<h2 class=\"wp-block-heading\">Milliseid \u201ek\u00fcpsiseid\u201c me kasutame?<\/h2>\n\n\n\n<p class=\"has-medium-font-size\">Me kasutame oma veebilehel \u201dk\u00fcpsiseid\u201d, millega saate n\u00f5ustuda, kui otsustate Meie veebilehte kasutada. \u201eK\u00fcpsised\u201c on v\u00e4ikesed tekstifailid, mis salvestuvad veebilehe k\u00fclastaja arvuti k\u00f5vakettale ja aitavad Meil Teile pakutavaid veebilehe teenuseid parandada ja neid Teie jaoks mugavamaks muuta.<\/p>\n\n\n\n<p class=\"has-medium-font-size\">Me kasutame ka kolmandate osapoolte \u201ek\u00fcpsiseid\u201c:<\/p>\n\n\n\n<p class=\"has-medium-font-size\"><strong>Google Analytics<\/strong> \u201ek\u00fcpsised\u201c \u2013kasutame veebilehe liikluse anal\u00fc\u00fcsimiseks, et anal\u00fc\u00fcsida, kas tegemist on uue v\u00f5i naasva k\u00fclastajaga, mis veebilehti k\u00fclastatakse, kui kaua veebilehel ollakse ja kust k\u00fclastajad meie veebilehele tulevad. Taoline info on oluline meile selleks, et saaksime paremini m\u00f5ista veebilehe k\u00fclastajate k\u00e4itumist ja parandada seel\u00e4bi oma veebilehe kasutajakogemust. <\/p>\n\n\n\n<p class=\"has-medium-font-size\"><strong>Googlek\u00fcpsised<\/strong> v\u00f5imaldavad Meil suunata Teile reklaame ja m\u00f5\u00f5ta taoliste reklaamide efektiivsust. <\/p>\n\n\n\n<p class=\"has-medium-font-size\">Veebilehe k\u00fclastajana on Teil v\u00f5imalik oma soovi kohaselt k\u00fcpsiste salvestumist oma seadmesse keelata v\u00f5i piirata. Samuti saate k\u00f5ik k\u00fcpsised, mis on seni teie seadmesse salvestunud, \u00e4ra kustutada. Selleks tuleb teil muuta oma isikliku veebilehitseja privaatsusseadeid. Samas ei pruugi keelatud v\u00f5i piiratud k\u00fcpsiste korral k\u00f5ik veebilehe funktsionaalsused t\u00f6\u00f6tada.<\/p>\n\n\n\n<h2 class=\"wp-block-heading\">Millised on Teie \u00f5igused seonduvalt isikuandmetega<\/h2>\n\n\n\n<p class=\"has-medium-font-size\">Teil on \u00f5igus tutvuda oma isikuandmetega.<\/p>\n\n\n\n<p class=\"has-medium-font-size\">Teil on \u00f5igus n\u00f5uda omaisikuandmete parandamist.<\/p>\n\n\n\n<p class=\"has-medium-font-size\">Teil on \u00f5igus olla unustatud, st Teil on \u00f5igus n\u00f5uda, et Me kustutaksime Teie isikuandmed.<\/p>\n\n\n\n<p class=\"has-medium-font-size\">Teil on teatud juhtudel \u00f5igus keelata v\u00f5i piirata oma isikuandmete t\u00f6\u00f6tlemist teatud ajaks (nt kui olete esitanud vastuv\u00e4ite isikuandmete t\u00f6\u00f6tluse osas).<\/p>\n\n\n\n<p class=\"has-medium-font-size\">Teil on \u00f5igus esitada Meile oma isikuandmete t\u00f6\u00f6tlemise osas vastuv\u00e4iteid, kui Teie isikuandmete t\u00f6\u00f6tlemine toimub Meie \u00f5igustatud huvist v\u00f5i avalikust huvist l\u00e4htudes. <\/p>\n\n\n\n<p class=\"has-medium-font-size\">Teil on \u00f5igus esitada Meie kohta isikuandmete t\u00f6\u00f6tlemise osas kaebus Andmekaitse Inspektsioonile (www.aki.ee).<\/p>\n\n\n\n<p class=\"has-medium-font-size\">Rohkem infot oma \u00f5iguste kohta leiate andmekaitse \u00fcldm\u00e4\u00e4ruse 3.peat\u00fckist.<\/p>\n\n\n\n<p class=\"has-medium-font-size\">Kui soovite kasutada m\u00f5nda \u00fclaltoodud \u00f5igust v\u00f5i esitada k\u00fcsimusi isikuandmete kaitse kohta siis palun esitage Meile vastavasisuline taotlus e-posti aadressil <a href=\"mailto:muusik@meero.ee\">muusik@meero.ee<\/a> Vastame Teie taotlusele e-kirja teel reeglina mitte hiljem kui \u00fche kuu jooksul. Palun arvestage, et enne kui saame Teile v\u00e4ljastada Teie poolt soovitud teavet Teie Isikuandmete osas, peame kontrollima Teie isikusamasust.<\/p>\n\n\n\n<h2 class=\"wp-block-heading\">Kellele me isikuandmeid edastame?<\/h2>\n\n\n\n<p class=\"has-medium-font-size\">Teie isikuandmeid on konfidentsiaalsed.Avaldame isikuandmeid vaid siis kui vastav kohustus tuleneb otseselt m\u00f5nest \u00f5igusaktist. Meie volitatud t\u00f6\u00f6tlejale edastameisikuandmeid, olles eelnevalt s\u00f5lminud kirjalikuandmet\u00f6\u00f6tluslepingu.<\/p>\n\n\n\n<p class=\"has-medium-font-size\">Isikuandmete t\u00f6\u00f6tlemine toimub reeglina Euroopa majanduspiirkonna (lisaks EL-i riikidele Norra, Island ja Liechtenstein) piires. Juhul, kui Meil on vaja edastada Isikuandmeid v\u00e4ljaspoole Euroopa majanduspiirkonda, siis toimub edastus isikuandmete kaitse \u00fcldm\u00e4\u00e4ruse n\u00f5uete kohaselt.<\/p>\n\n\n\n<h2 class=\"wp-block-heading\">Isikuandmete s\u00e4ilitamisest<\/h2>\n\n\n\n<p class=\"has-medium-font-size\">Me s\u00e4ilitame Isikuandmeid nii kaua kuni see on kohustuslik v\u00f5i lubatud \u00f5igusaktide kohaselt v\u00f5i vajalik m\u00e4\u00e4ratud eesm\u00e4rkide saavutamiseks.<\/p>\n\n\n\n<p class=\"has-medium-font-size\">Vaidlustega seotud isikuandmeid s\u00e4ilitame kuni n\u00f5ude aegumiseni.<\/p>\n\n\n\n<p class=\"has-medium-font-size\">P\u00e4rast Isikuandmete s\u00e4ilitamise t\u00e4htaja m\u00f6\u00f6dumist kustutame Isikuandmed j\u00e4\u00e4davalt.<\/p>\n\n\n\n<h2 class=\"wp-block-heading\">Mida teha isikuandmete rikkumise korral?<\/h2>\n\n\n\n<p class=\"has-medium-font-size\">Palun teavitage Meid koheselt Teile teadaolevatest isikuandmete rikkumisest v\u00f5i rikkumise ohust aadressil <a href=\"mailto:muusik@meero.ee\">muusik@meero.ee<\/a>. Me suhtume isikuandmete turvalisuse teemasse t\u00f5siselt ning reageerime koheselt v\u00f5imalikule rikkumisjuhule.<\/p>\n","protected":false},"excerpt":{"rendered":"Kes me oleme? Erahuvialakooli Meero Muusik (edaspidi \u201eHuvialakool\u201c) peab MT\u00dc Avasta Anded, registrikood 80199027 (edaspidi \u201eMeie\u201c). Meie eesm\u00e4rgiks Huvialakooli pidamisel on tuua lapsed juba varajases eas muusika juurde, et arendada nende loovust. Meie soov on kaasa aidata laste ande avastamisele ning arendada lapsi muusikas, et neist kasvaksid muusikat armastavad ja m\u00f5istvad inimesed. Huvialakooli pidamise k\u00e4igus [&hellip;]","protected":false},"author":1,"featured_media":0,"parent":0,"menu_order":0,"comment_status":"closed","ping_status":"open","template":"","meta":{"footnotes":""},"class_list":["post-344","page","type-page","status-publish","hentry"],"acf":[],"yoast_head":"<!-- This site is optimized with the Yoast SEO plugin v17.8 - https:\/\/yoast.com\/wordpress\/plugins\/seo\/ -->\n<title>Andmekaitsereeglid - meero<\/title>\n<meta name=\"robots\" content=\"index, follow, max-snippet:-1, max-image-preview:large, max-video-preview:-1\" \/>\n<link rel=\"canonical\" href=\"https:\/\/meero.ee\/m\/andmekaitsetingimused\/\" \/>\n<meta property=\"og:locale\" content=\"et_EE\" \/>\n<meta property=\"og:type\" content=\"article\" \/>\n<meta property=\"og:title\" content=\"Andmekaitsereeglid - meero\" \/>\n<meta property=\"og:description\" content=\"Kes me oleme? Erahuvialakooli Meero Muusik (edaspidi \u201eHuvialakool\u201c) peab MT\u00dc Avasta Anded, registrikood 80199027 (edaspidi \u201eMeie\u201c). Meie eesm\u00e4rgiks Huvialakooli pidamisel on tuua lapsed juba varajases eas muusika juurde, et arendada nende loovust. Meie soov on kaasa aidata laste ande avastamisele ning arendada lapsi muusikas, et neist kasvaksid muusikat armastavad ja m\u00f5istvad inimesed. Huvialakooli pidamise k\u00e4igus [&hellip;]\" \/>\n<meta property=\"og:url\" content=\"https:\/\/meero.ee\/m\/andmekaitsetingimused\/\" \/>\n<meta property=\"og:site_name\" content=\"meero\" \/>\n<meta name=\"twitter:card\" content=\"summary_large_image\" \/>\n<meta name=\"twitter:label1\" content=\"Est. reading time\" \/>\n\t<meta name=\"twitter:data1\" content=\"5 minutit\" \/>\n<script type=\"application\/ld+json\" class=\"yoast-schema-graph\">{\"@context\":\"https:\/\/schema.org\",\"@graph\":[{\"@type\":\"WebSite\",\"@id\":\"https:\/\/meero.ee\/m\/#website\",\"url\":\"https:\/\/meero.ee\/m\/\",\"name\":\"meero\",\"description\":\"Meero Muusik\",\"potentialAction\":[{\"@type\":\"SearchAction\",\"target\":{\"@type\":\"EntryPoint\",\"urlTemplate\":\"https:\/\/meero.ee\/m\/?s={search_term_string}\"},\"query-input\":\"required name=search_term_string\"}],\"inLanguage\":\"et\"},{\"@type\":\"WebPage\",\"@id\":\"https:\/\/meero.ee\/m\/andmekaitsetingimused\/#webpage\",\"url\":\"https:\/\/meero.ee\/m\/andmekaitsetingimused\/\",\"name\":\"Andmekaitsereeglid - meero\",\"isPartOf\":{\"@id\":\"https:\/\/meero.ee\/m\/#website\"},\"datePublished\":\"2021-03-16T09:35:52+00:00\",\"dateModified\":\"2021-03-16T09:35:52+00:00\",\"breadcrumb\":{\"@id\":\"https:\/\/meero.ee\/m\/andmekaitsetingimused\/#breadcrumb\"},\"inLanguage\":\"et\",\"potentialAction\":[{\"@type\":\"ReadAction\",\"target\":[\"https:\/\/meero.ee\/m\/andmekaitsetingimused\/\"]}]},{\"@type\":\"BreadcrumbList\",\"@id\":\"https:\/\/meero.ee\/m\/andmekaitsetingimused\/#breadcrumb\",\"itemListElement\":[{\"@type\":\"ListItem\",\"position\":1,\"name\":\"Home\",\"item\":\"https:\/\/meero.ee\/m\/\"},{\"@type\":\"ListItem\",\"position\":2,\"name\":\"Andmekaitsereeglid\"}]}]}<\/script>\n<!-- \/ Yoast SEO plugin. -->","yoast_head_json":{"title":"Andmekaitsereeglid - meero","robots":{"index":"index","follow":"follow","max-snippet":"max-snippet:-1","max-image-preview":"max-image-preview:large","max-video-preview":"max-video-preview:-1"},"canonical":"https:\/\/meero.ee\/m\/andmekaitsetingimused\/","og_locale":"et_EE","og_type":"article","og_title":"Andmekaitsereeglid - meero","og_description":"Kes me oleme? Erahuvialakooli Meero Muusik (edaspidi \u201eHuvialakool\u201c) peab MT\u00dc Avasta Anded, registrikood 80199027 (edaspidi \u201eMeie\u201c). Meie eesm\u00e4rgiks Huvialakooli pidamisel on tuua lapsed juba varajases eas muusika juurde, et arendada nende loovust. Meie soov on kaasa aidata laste ande avastamisele ning arendada lapsi muusikas, et neist kasvaksid muusikat armastavad ja m\u00f5istvad inimesed. Huvialakooli pidamise k\u00e4igus [&hellip;]","og_url":"https:\/\/meero.ee\/m\/andmekaitsetingimused\/","og_site_name":"meero","twitter_card":"summary_large_image","twitter_misc":{"Est. reading time":"5 minutit"},"schema":{"@context":"https:\/\/schema.org","@graph":[{"@type":"WebSite","@id":"https:\/\/meero.ee\/m\/#website","url":"https:\/\/meero.ee\/m\/","name":"meero","description":"Meero Muusik","potentialAction":[{"@type":"SearchAction","target":{"@type":"EntryPoint","urlTemplate":"https:\/\/meero.ee\/m\/?s={search_term_string}"},"query-input":"required name=search_term_string"}],"inLanguage":"et"},{"@type":"WebPage","@id":"https:\/\/meero.ee\/m\/andmekaitsetingimused\/#webpage","url":"https:\/\/meero.ee\/m\/andmekaitsetingimused\/","name":"Andmekaitsereeglid - meero","isPartOf":{"@id":"https:\/\/meero.ee\/m\/#website"},"datePublished":"2021-03-16T09:35:52+00:00","dateModified":"2021-03-16T09:35:52+00:00","breadcrumb":{"@id":"https:\/\/meero.ee\/m\/andmekaitsetingimused\/#breadcrumb"},"inLanguage":"et","potentialAction":[{"@type":"ReadAction","target":["https:\/\/meero.ee\/m\/andmekaitsetingimused\/"]}]},{"@type":"BreadcrumbList","@id":"https:\/\/meero.ee\/m\/andmekaitsetingimused\/#breadcrumb","itemListElement":[{"@type":"ListItem","position":1,"name":"Home","item":"https:\/\/meero.ee\/m\/"},{"@type":"ListItem","position":2,"name":"Andmekaitsereeglid"}]}]}},"_links":{"self":[{"href":"https:\/\/meero.ee\/m\/wp-json\/wp\/v2\/pages\/344","targetHints":{"allow":["GET"]}}],"collection":[{"href":"https:\/\/meero.ee\/m\/wp-json\/wp\/v2\/pages"}],"about":[{"href":"https:\/\/meero.ee\/m\/wp-json\/wp\/v2\/types\/page"}],"author":[{"embeddable":true,"href":"https:\/\/meero.ee\/m\/wp-json\/wp\/v2\/users\/1"}],"replies":[{"embeddable":true,"href":"https:\/\/meero.ee\/m\/wp-json\/wp\/v2\/comments?post=344"}],"version-history":[{"count":0,"href":"https:\/\/meero.ee\/m\/wp-json\/wp\/v2\/pages\/344\/revisions"}],"wp:attachment":[{"href":"https:\/\/meero.ee\/m\/wp-json\/wp\/v2\/media?parent=344"}],"curies":[{"name":"wp","href":"https:\/\/api.w.org\/{rel}","templated":true}]}}