{"id":335,"date":"2021-04-27T21:20:58","date_gmt":"2021-04-27T21:20:58","guid":{"rendered":"https:\/\/demo.opus.ee\/projects\/meero\/meero-wp\/opetajad\/"},"modified":"2023-07-19T11:48:52","modified_gmt":"2023-07-19T11:48:52","slug":"opetajad","status":"publish","type":"page","link":"https:\/\/meero.ee\/m\/opetajad\/","title":{"rendered":"Meist"},"content":{"rendered":"\n<p><strong>&#8220;Lapsed, kes \u00f5pivad r\u00f5\u00f5msalt, \u00f5pivad kergelt.&#8221;<\/strong><\/p>\n\n\n\n<p class=\"has-text-align-left\">   1985. aastal Noortemajast alguse saanud folkgrupp Meero tegutses 18 aastat Varje Lepp juhendamisel, andes kontserte \u00fcle maailma. 1995. aastal sai Kanutiaia Noortemajas alguse Meero Laulustuudio, millest kasvas v\u00e4lja 2001. aastal t\u00f6\u00f6d alustanud erahuvialakool Meero Muusik.<\/p>\n\n\n\n<p class=\"has-text-align-left\">   V\u00e4\u00e4rtustame r\u00f5\u00f5mu muusikast, \u00f5pilase keskset \u00f5pet, koost\u00f6\u00f6d ja isikup\u00e4ra s\u00e4ilimist, p\u00fchendunud muusikapedagooge ning loovust toetavat keskkonda.<\/p>\n\n\n\n<p class=\"has-text-align-left\">   Pakume mitmek\u00fclgset ja kvaliteetset muusika\u00f5petust, mis l\u00e4htub \u00f5pilase isikup\u00e4rast ja toetab tema vaimset ja sotsiaalset heaolu. Anname baasteadmised eluaegsele muusika harrastusele ja tagame valmiduse muusika\u00f5pingute j\u00e4tkamiseks. Pakume linnaruumi erinevaid kultuuris\u00fcndmusi, mis panevad meie kauni kodulinna helisema.<\/p>\n\n\n\n<p><\/p>\n\n\n\n<p><\/p>\n\n\n\n<h2 class=\"wp-block-heading has-text-align-center\">Meie imelised \u00f5petajad<\/h2>\n","protected":false},"excerpt":{"rendered":"&#8220;Lapsed, kes \u00f5pivad r\u00f5\u00f5msalt, \u00f5pivad kergelt.&#8221; 1985. aastal Noortemajast alguse saanud folkgrupp Meero tegutses 18 aastat Varje Lepp juhendamisel, andes kontserte \u00fcle maailma. 1995. aastal sai Kanutiaia Noortemajas alguse Meero Laulustuudio, millest kasvas v\u00e4lja 2001. aastal t\u00f6\u00f6d alustanud erahuvialakool Meero Muusik. V\u00e4\u00e4rtustame r\u00f5\u00f5mu muusikast, \u00f5pilase keskset \u00f5pet, koost\u00f6\u00f6d ja isikup\u00e4ra s\u00e4ilimist, p\u00fchendunud muusikapedagooge ning loovust [&hellip;]","protected":false},"author":3,"featured_media":0,"parent":0,"menu_order":0,"comment_status":"closed","ping_status":"closed","template":"page-teachers.php","meta":{"footnotes":""},"class_list":["post-335","page","type-page","status-publish","hentry"],"acf":[],"yoast_head":"<!-- This site is optimized with the Yoast SEO plugin v17.8 - https:\/\/yoast.com\/wordpress\/plugins\/seo\/ -->\n<title>Meist - meero<\/title>\n<meta name=\"robots\" content=\"index, follow, max-snippet:-1, max-image-preview:large, max-video-preview:-1\" \/>\n<link rel=\"canonical\" href=\"https:\/\/meero.ee\/m\/opetajad\/\" \/>\n<meta property=\"og:locale\" content=\"et_EE\" \/>\n<meta property=\"og:type\" content=\"article\" \/>\n<meta property=\"og:title\" content=\"Meist - meero\" \/>\n<meta property=\"og:description\" content=\"&#8220;Lapsed, kes \u00f5pivad r\u00f5\u00f5msalt, \u00f5pivad kergelt.&#8221; 1985. aastal Noortemajast alguse saanud folkgrupp Meero tegutses 18 aastat Varje Lepp juhendamisel, andes kontserte \u00fcle maailma. 1995. aastal sai Kanutiaia Noortemajas alguse Meero Laulustuudio, millest kasvas v\u00e4lja 2001. aastal t\u00f6\u00f6d alustanud erahuvialakool Meero Muusik. V\u00e4\u00e4rtustame r\u00f5\u00f5mu muusikast, \u00f5pilase keskset \u00f5pet, koost\u00f6\u00f6d ja isikup\u00e4ra s\u00e4ilimist, p\u00fchendunud muusikapedagooge ning loovust [&hellip;]\" \/>\n<meta property=\"og:url\" content=\"https:\/\/meero.ee\/m\/opetajad\/\" \/>\n<meta property=\"og:site_name\" content=\"meero\" \/>\n<meta property=\"article:modified_time\" content=\"2023-07-19T11:48:52+00:00\" \/>\n<meta name=\"twitter:card\" content=\"summary_large_image\" \/>\n<meta name=\"twitter:label1\" content=\"Est. reading time\" \/>\n\t<meta name=\"twitter:data1\" content=\"1 minut\" \/>\n<script type=\"application\/ld+json\" class=\"yoast-schema-graph\">{\"@context\":\"https:\/\/schema.org\",\"@graph\":[{\"@type\":\"WebSite\",\"@id\":\"https:\/\/meero.ee\/m\/#website\",\"url\":\"https:\/\/meero.ee\/m\/\",\"name\":\"meero\",\"description\":\"Meero Muusik\",\"potentialAction\":[{\"@type\":\"SearchAction\",\"target\":{\"@type\":\"EntryPoint\",\"urlTemplate\":\"https:\/\/meero.ee\/m\/?s={search_term_string}\"},\"query-input\":\"required name=search_term_string\"}],\"inLanguage\":\"et\"},{\"@type\":\"WebPage\",\"@id\":\"https:\/\/meero.ee\/m\/opetajad\/#webpage\",\"url\":\"https:\/\/meero.ee\/m\/opetajad\/\",\"name\":\"Meist - meero\",\"isPartOf\":{\"@id\":\"https:\/\/meero.ee\/m\/#website\"},\"datePublished\":\"2021-04-27T21:20:58+00:00\",\"dateModified\":\"2023-07-19T11:48:52+00:00\",\"breadcrumb\":{\"@id\":\"https:\/\/meero.ee\/m\/opetajad\/#breadcrumb\"},\"inLanguage\":\"et\",\"potentialAction\":[{\"@type\":\"ReadAction\",\"target\":[\"https:\/\/meero.ee\/m\/opetajad\/\"]}]},{\"@type\":\"BreadcrumbList\",\"@id\":\"https:\/\/meero.ee\/m\/opetajad\/#breadcrumb\",\"itemListElement\":[{\"@type\":\"ListItem\",\"position\":1,\"name\":\"Home\",\"item\":\"https:\/\/meero.ee\/m\/\"},{\"@type\":\"ListItem\",\"position\":2,\"name\":\"Meist\"}]}]}<\/script>\n<!-- \/ Yoast SEO plugin. -->","yoast_head_json":{"title":"Meist - meero","robots":{"index":"index","follow":"follow","max-snippet":"max-snippet:-1","max-image-preview":"max-image-preview:large","max-video-preview":"max-video-preview:-1"},"canonical":"https:\/\/meero.ee\/m\/opetajad\/","og_locale":"et_EE","og_type":"article","og_title":"Meist - meero","og_description":"&#8220;Lapsed, kes \u00f5pivad r\u00f5\u00f5msalt, \u00f5pivad kergelt.&#8221; 1985. aastal Noortemajast alguse saanud folkgrupp Meero tegutses 18 aastat Varje Lepp juhendamisel, andes kontserte \u00fcle maailma. 1995. aastal sai Kanutiaia Noortemajas alguse Meero Laulustuudio, millest kasvas v\u00e4lja 2001. aastal t\u00f6\u00f6d alustanud erahuvialakool Meero Muusik. V\u00e4\u00e4rtustame r\u00f5\u00f5mu muusikast, \u00f5pilase keskset \u00f5pet, koost\u00f6\u00f6d ja isikup\u00e4ra s\u00e4ilimist, p\u00fchendunud muusikapedagooge ning loovust [&hellip;]","og_url":"https:\/\/meero.ee\/m\/opetajad\/","og_site_name":"meero","article_modified_time":"2023-07-19T11:48:52+00:00","twitter_card":"summary_large_image","twitter_misc":{"Est. reading time":"1 minut"},"schema":{"@context":"https:\/\/schema.org","@graph":[{"@type":"WebSite","@id":"https:\/\/meero.ee\/m\/#website","url":"https:\/\/meero.ee\/m\/","name":"meero","description":"Meero Muusik","potentialAction":[{"@type":"SearchAction","target":{"@type":"EntryPoint","urlTemplate":"https:\/\/meero.ee\/m\/?s={search_term_string}"},"query-input":"required name=search_term_string"}],"inLanguage":"et"},{"@type":"WebPage","@id":"https:\/\/meero.ee\/m\/opetajad\/#webpage","url":"https:\/\/meero.ee\/m\/opetajad\/","name":"Meist - meero","isPartOf":{"@id":"https:\/\/meero.ee\/m\/#website"},"datePublished":"2021-04-27T21:20:58+00:00","dateModified":"2023-07-19T11:48:52+00:00","breadcrumb":{"@id":"https:\/\/meero.ee\/m\/opetajad\/#breadcrumb"},"inLanguage":"et","potentialAction":[{"@type":"ReadAction","target":["https:\/\/meero.ee\/m\/opetajad\/"]}]},{"@type":"BreadcrumbList","@id":"https:\/\/meero.ee\/m\/opetajad\/#breadcrumb","itemListElement":[{"@type":"ListItem","position":1,"name":"Home","item":"https:\/\/meero.ee\/m\/"},{"@type":"ListItem","position":2,"name":"Meist"}]}]}},"_links":{"self":[{"href":"https:\/\/meero.ee\/m\/wp-json\/wp\/v2\/pages\/335","targetHints":{"allow":["GET"]}}],"collection":[{"href":"https:\/\/meero.ee\/m\/wp-json\/wp\/v2\/pages"}],"about":[{"href":"https:\/\/meero.ee\/m\/wp-json\/wp\/v2\/types\/page"}],"author":[{"embeddable":true,"href":"https:\/\/meero.ee\/m\/wp-json\/wp\/v2\/users\/3"}],"replies":[{"embeddable":true,"href":"https:\/\/meero.ee\/m\/wp-json\/wp\/v2\/comments?post=335"}],"version-history":[{"count":9,"href":"https:\/\/meero.ee\/m\/wp-json\/wp\/v2\/pages\/335\/revisions"}],"predecessor-version":[{"id":3556,"href":"https:\/\/meero.ee\/m\/wp-json\/wp\/v2\/pages\/335\/revisions\/3556"}],"wp:attachment":[{"href":"https:\/\/meero.ee\/m\/wp-json\/wp\/v2\/media?parent=335"}],"curies":[{"name":"wp","href":"https:\/\/api.w.org\/{rel}","templated":true}]}}